{"id":1013,"date":"2021-10-04T11:10:48","date_gmt":"2021-10-04T09:10:48","guid":{"rendered":"http:\/\/elisabethfouche.com\/?page_id=1013"},"modified":"2024-11-14T16:30:53","modified_gmt":"2024-11-14T15:30:53","slug":"interviews-articles","status":"publish","type":"page","link":"https:\/\/elisabethfouche.com\/index.php\/interviews-articles\/","title":{"rendered":"Interviews &#8211; articles SEO &#8211; pages fixes de site"},"content":{"rendered":"<div class=\" content_cards_card content_cards_domain_elisabethfouche-com\">\n\t\t\t<div class=\"content_cards_image\">\n\t\t\t\t<a class=\"content_cards_image_link\" href=\"https:\/\/elisabethfouche.com\/index.php\/2020\/12\/07\/la-femme-un-homme-comme-les-autres-et-reciproquement\/\">\n\t\t\t\t\t<img decoding=\"async\" src=\"http:\/\/elisabethfouche.com\/wp-content\/uploads\/2020\/12\/Caroline-Loisel-portrait-interviewee-1024x683.jpg\" alt=\"La femmes, un homme comme les autres? Et r\u00e9ciproquement?\">\t\t\t\t<\/a>\n\t\t<\/div>\n\t\n\t<div class=\"content_cards_title\">\n\t\t<a class=\"content_cards_title_link\" href=\"https:\/\/elisabethfouche.com\/index.php\/2020\/12\/07\/la-femme-un-homme-comme-les-autres-et-reciproquement\/\">\n\t\t\tLa femmes, un homme comme les autres? Et r\u00e9ciproquement?\t\t<\/a>\n\t<\/div>\n\t<div class=\"content_cards_description\">\n\t\t<a class=\"content_cards_description_link\" href=\"https:\/\/elisabethfouche.com\/index.php\/2020\/12\/07\/la-femme-un-homme-comme-les-autres-et-reciproquement\/\">\n\t\t\t<p>Elisabeth Fouch\u00e9 interviewe Caroline Loisel sur la place des femmes et leur responsabilit\u00e9 pour gagner davantage en \u00e9quit\u00e9 sociale<\/p>\n\t\t<\/a>\n\t<\/div>\n\t<div class=\"content_cards_site_name\">\n\t\t\t\tElisabeth Fouch\u00e9\t<\/div>\n<\/div>\n\n\n\n<p><a href=\"https:\/\/e-writers.fr\/ivg-constitution-francaise\/\" target=\"_blank\" rel=\"noreferrer noopener\">https:\/\/e-writers.fr\/ivg-constitution-francaise\/<\/a><\/p>\n\n\n\n<p><a href=\"https:\/\/e-writers.fr\/faire-rallye-gazelles\/\" target=\"_blank\" rel=\"noreferrer noopener\">https:\/\/e-writers.fr\/faire-rallye-gazelles\/<\/a><\/p>\n\n\n\n<p><a href=\"https:\/\/ajia.fr\/fr\/a-propos\" target=\"_blank\" rel=\"noreferrer noopener\">https:\/\/ajia.fr\/fr\/a-propos<\/a><\/p>\n","protected":false},"excerpt":{"rendered":"<p>https:\/\/e-writers.fr\/ivg-constitution-francaise\/ https:\/\/e-writers.fr\/faire-rallye-gazelles\/ https:\/\/ajia.fr\/fr\/a-propos<\/p>\n","protected":false},"author":1,"featured_media":0,"parent":0,"menu_order":0,"comment_status":"closed","ping_status":"closed","template":"","meta":{"footnotes":""},"yoast_head":"<!-- This site is optimized with the Yoast SEO plugin v18.3 - https:\/\/yoast.com\/wordpress\/plugins\/seo\/ -->\n<title>Articles interviews d&#039;hommes et de femmes autour de faits de soci\u00e9t\u00e9<\/title>\n<meta name=\"description\" content=\"Les articles et interviews d&#039;Elisabeth Fouch\u00e9 autour d&#039;hommes et de femmes engag\u00e9s sur des th\u00e9matiques environnementales et soci\u00e9tales\" \/>\n<meta name=\"robots\" content=\"index, follow, max-snippet:-1, max-image-preview:large, max-video-preview:-1\" \/>\n<link rel=\"canonical\" href=\"https:\/\/elisabethfouche.com\/index.php\/interviews-articles\/\" \/>\n<meta property=\"og:locale\" content=\"fr_FR\" \/>\n<meta property=\"og:type\" content=\"article\" \/>\n<meta property=\"og:title\" content=\"Articles interviews d&#039;hommes et de femmes autour de faits de soci\u00e9t\u00e9\" \/>\n<meta property=\"og:description\" content=\"Les articles et interviews d&#039;Elisabeth Fouch\u00e9 autour d&#039;hommes et de femmes engag\u00e9s sur des th\u00e9matiques environnementales et soci\u00e9tales\" \/>\n<meta property=\"og:url\" content=\"https:\/\/elisabethfouche.com\/index.php\/interviews-articles\/\" \/>\n<meta property=\"og:site_name\" content=\"Elisabeth Fouch\u00e9\" \/>\n<meta property=\"article:publisher\" content=\"https:\/\/www.facebook.com\/elisabeth.fouche\" \/>\n<meta property=\"article:modified_time\" content=\"2024-11-14T15:30:53+00:00\" \/>\n<meta name=\"twitter:card\" content=\"summary\" \/>\n<script type=\"application\/ld+json\" class=\"yoast-schema-graph\">{\"@context\":\"https:\/\/schema.org\",\"@graph\":[{\"@type\":\"WebSite\",\"@id\":\"https:\/\/elisabethfouche.com\/#website\",\"url\":\"https:\/\/elisabethfouche.com\/\",\"name\":\"Elisabeth Fouch\u00e9\",\"description\":\"\",\"potentialAction\":[{\"@type\":\"SearchAction\",\"target\":{\"@type\":\"EntryPoint\",\"urlTemplate\":\"https:\/\/elisabethfouche.com\/?s={search_term_string}\"},\"query-input\":\"required name=search_term_string\"}],\"inLanguage\":\"fr-FR\"},{\"@type\":\"WebPage\",\"@id\":\"https:\/\/elisabethfouche.com\/index.php\/interviews-articles\/#webpage\",\"url\":\"https:\/\/elisabethfouche.com\/index.php\/interviews-articles\/\",\"name\":\"Articles interviews d'hommes et de femmes autour de faits de soci\u00e9t\u00e9\",\"isPartOf\":{\"@id\":\"https:\/\/elisabethfouche.com\/#website\"},\"datePublished\":\"2021-10-04T09:10:48+00:00\",\"dateModified\":\"2024-11-14T15:30:53+00:00\",\"description\":\"Les articles et interviews d'Elisabeth Fouch\u00e9 autour d'hommes et de femmes engag\u00e9s sur des th\u00e9matiques environnementales et soci\u00e9tales\",\"breadcrumb\":{\"@id\":\"https:\/\/elisabethfouche.com\/index.php\/interviews-articles\/#breadcrumb\"},\"inLanguage\":\"fr-FR\",\"potentialAction\":[{\"@type\":\"ReadAction\",\"target\":[\"https:\/\/elisabethfouche.com\/index.php\/interviews-articles\/\"]}]},{\"@type\":\"BreadcrumbList\",\"@id\":\"https:\/\/elisabethfouche.com\/index.php\/interviews-articles\/#breadcrumb\",\"itemListElement\":[{\"@type\":\"ListItem\",\"position\":1,\"name\":\"Accueil\",\"item\":\"https:\/\/elisabethfouche.com\/\"},{\"@type\":\"ListItem\",\"position\":2,\"name\":\"Interviews &#8211; articles SEO &#8211; pages fixes de site\"}]}]}<\/script>\n<!-- \/ Yoast SEO plugin. -->","yoast_head_json":{"title":"Articles interviews d'hommes et de femmes autour de faits de soci\u00e9t\u00e9","description":"Les articles et interviews d'Elisabeth Fouch\u00e9 autour d'hommes et de femmes engag\u00e9s sur des th\u00e9matiques environnementales et soci\u00e9tales","robots":{"index":"index","follow":"follow","max-snippet":"max-snippet:-1","max-image-preview":"max-image-preview:large","max-video-preview":"max-video-preview:-1"},"canonical":"https:\/\/elisabethfouche.com\/index.php\/interviews-articles\/","og_locale":"fr_FR","og_type":"article","og_title":"Articles interviews d'hommes et de femmes autour de faits de soci\u00e9t\u00e9","og_description":"Les articles et interviews d'Elisabeth Fouch\u00e9 autour d'hommes et de femmes engag\u00e9s sur des th\u00e9matiques environnementales et soci\u00e9tales","og_url":"https:\/\/elisabethfouche.com\/index.php\/interviews-articles\/","og_site_name":"Elisabeth Fouch\u00e9","article_publisher":"https:\/\/www.facebook.com\/elisabeth.fouche","article_modified_time":"2024-11-14T15:30:53+00:00","twitter_card":"summary","schema":{"@context":"https:\/\/schema.org","@graph":[{"@type":"WebSite","@id":"https:\/\/elisabethfouche.com\/#website","url":"https:\/\/elisabethfouche.com\/","name":"Elisabeth Fouch\u00e9","description":"","potentialAction":[{"@type":"SearchAction","target":{"@type":"EntryPoint","urlTemplate":"https:\/\/elisabethfouche.com\/?s={search_term_string}"},"query-input":"required name=search_term_string"}],"inLanguage":"fr-FR"},{"@type":"WebPage","@id":"https:\/\/elisabethfouche.com\/index.php\/interviews-articles\/#webpage","url":"https:\/\/elisabethfouche.com\/index.php\/interviews-articles\/","name":"Articles interviews d'hommes et de femmes autour de faits de soci\u00e9t\u00e9","isPartOf":{"@id":"https:\/\/elisabethfouche.com\/#website"},"datePublished":"2021-10-04T09:10:48+00:00","dateModified":"2024-11-14T15:30:53+00:00","description":"Les articles et interviews d'Elisabeth Fouch\u00e9 autour d'hommes et de femmes engag\u00e9s sur des th\u00e9matiques environnementales et soci\u00e9tales","breadcrumb":{"@id":"https:\/\/elisabethfouche.com\/index.php\/interviews-articles\/#breadcrumb"},"inLanguage":"fr-FR","potentialAction":[{"@type":"ReadAction","target":["https:\/\/elisabethfouche.com\/index.php\/interviews-articles\/"]}]},{"@type":"BreadcrumbList","@id":"https:\/\/elisabethfouche.com\/index.php\/interviews-articles\/#breadcrumb","itemListElement":[{"@type":"ListItem","position":1,"name":"Accueil","item":"https:\/\/elisabethfouche.com\/"},{"@type":"ListItem","position":2,"name":"Interviews &#8211; articles SEO &#8211; pages fixes de site"}]}]}},"_links":{"self":[{"href":"https:\/\/elisabethfouche.com\/index.php\/wp-json\/wp\/v2\/pages\/1013"}],"collection":[{"href":"https:\/\/elisabethfouche.com\/index.php\/wp-json\/wp\/v2\/pages"}],"about":[{"href":"https:\/\/elisabethfouche.com\/index.php\/wp-json\/wp\/v2\/types\/page"}],"author":[{"embeddable":true,"href":"https:\/\/elisabethfouche.com\/index.php\/wp-json\/wp\/v2\/users\/1"}],"replies":[{"embeddable":true,"href":"https:\/\/elisabethfouche.com\/index.php\/wp-json\/wp\/v2\/comments?post=1013"}],"version-history":[{"count":7,"href":"https:\/\/elisabethfouche.com\/index.php\/wp-json\/wp\/v2\/pages\/1013\/revisions"}],"predecessor-version":[{"id":1524,"href":"https:\/\/elisabethfouche.com\/index.php\/wp-json\/wp\/v2\/pages\/1013\/revisions\/1524"}],"wp:attachment":[{"href":"https:\/\/elisabethfouche.com\/index.php\/wp-json\/wp\/v2\/media?parent=1013"}],"curies":[{"name":"wp","href":"https:\/\/api.w.org\/{rel}","templated":true}]}}