{"id":121,"date":"2017-02-11T21:47:43","date_gmt":"2017-02-11T20:47:43","guid":{"rendered":"http:\/\/elisabethfouche.com\/?page_id=121"},"modified":"2022-03-18T13:39:39","modified_gmt":"2022-03-18T12:39:39","slug":"reporter-sur-le-rallye-aicha-des-gazelles","status":"publish","type":"page","link":"https:\/\/elisabethfouche.com\/index.php\/journalisme\/reporter-sur-le-rallye-aicha-des-gazelles\/","title":{"rendered":"Le rallye A\u00efcha des Gazelles vu du c\u00f4t\u00e9 reporter&#8230;         Une claque ce d\u00e9sert !"},"content":{"rendered":"<p><img loading=\"lazy\" decoding=\"async\" class=\"wp-image-293 aligncenter\" src=\"https:\/\/elisabethfouche.com\/wp-content\/uploads\/2017\/02\/12-bab-300x225.jpg\" alt=\"\" width=\"310\" height=\"232\" srcset=\"https:\/\/elisabethfouche.com\/wp-content\/uploads\/2017\/02\/12-bab-300x225.jpg 300w, https:\/\/elisabethfouche.com\/wp-content\/uploads\/2017\/02\/12-bab-768x576.jpg 768w, https:\/\/elisabethfouche.com\/wp-content\/uploads\/2017\/02\/12-bab-1024x768.jpg 1024w\" sizes=\"(max-width: 310px) 100vw, 310px\" \/><\/p>\n<p><\/p>\n\n\n<p>Chroniqueuse reporter sur le rallye A\u00efcha des Gazelles pour l&rsquo;\u00e9quipe d&rsquo;aufeminin.com, j&rsquo;ai pass\u00e9 3 semaines \u00e0 tenir 2 rubriques quotidiennes :<\/p>\n\n\n\n<p><\/p>\n\n\n\n<div class=\"wp-block-buttons is-layout-flex wp-block-buttons-is-layout-flex\">\n<div class=\"wp-block-button is-style-outline\"><a class=\"wp-block-button__link\" href=\"http:\/\/les-momzelles-rallyeaichadesgazelles2011.over-blog.com\/tag\/le%20rallye%20-%20les%20actus\/\" target=\"_blank\" rel=\"noreferrer noopener\"><strong><span style=\"color:#b5b9bc\" class=\"has-inline-color\">LES ACTUS DU RALLYE<\/span><\/strong><\/a><\/div>\n\n\n\n<div class=\"wp-block-button is-style-outline\"><a class=\"wp-block-button__link\" href=\"http:\/\/les-momzelles-rallyeaichadesgazelles2011.over-blog.com\/tag\/le%20journal%20des%20bambinos\/\" target=\"_blank\" rel=\"noreferrer noopener\"><strong><span style=\"color:#b5b9bc\" class=\"has-inline-color\">LE JOURNAL DES BAMBINOS<\/span><\/strong><\/a><\/div>\n<\/div>\n\n\n\n<p>Destin\u00e9 \u00e0 l&rsquo;enfant qui sommeille en chacun, la rubrique des bambinos sign\u00e9e par<strong> Baboune petit reporter<\/strong> fut une astuce, rapidement \u00e0 succ\u00e8s, pour transmettre autrement cette aventure du d\u00e9sert marocain.<\/p>\n\n\n\n<p>Une troisi\u00e8me rubrique, plus \u00e9pisodique, \u00e9tait consacr\u00e9e aux actions sur le terrain de l&rsquo;association C\u0153ur de Gazelles.<\/p>\n\n\n\n<div class=\"wp-block-buttons is-layout-flex wp-block-buttons-is-layout-flex\">\n<div class=\"wp-block-button is-style-outline\"><a class=\"wp-block-button__link\" href=\"http:\/\/les-momzelles-rallyeaichadesgazelles2011.over-blog.com\/article-equipage-les-mom-zelles-mardi-29-03-coeur-de-gazelles-70559756.html\" target=\"_blank\" rel=\"noreferrer noopener\"><strong><span style=\"color:#b5b9bc\" class=\"has-inline-color\">COEUR DE GAZELLES<\/span><\/strong><\/a><\/div>\n<\/div>\n\n\n\n<p>L&rsquo;aventure d\u00e9buta \u00e0 S\u00e8te o\u00f9 nous pr\u00eemes le bateau jusqu&rsquo;\u00e0 Tanger pour traverser le Maroc du nord au sud jusqu&rsquo;au d\u00e9sert du Sahara.<\/p>\n\n\n\n<p>L\u00e0, un parcours de 15 jours nous attendait, changeant de bivouac r\u00e9guli\u00e8rement, \u00e9cumant de 4h \u00e0 16h les diff\u00e9rentes facettes d&rsquo;un d\u00e9sert riche et vari\u00e9, mon appareil photo en bandouli\u00e8re pour rentrer le soir, monter la tente, trier les photos qui illustreraient les articles de mes rubriques quotidiennes&#8230;<\/p>\n\n\n\n<div class=\"wp-block-buttons is-layout-flex wp-block-buttons-is-layout-flex\">\n<div class=\"wp-block-button is-style-outline\"><a class=\"wp-block-button__link\" href=\"http:\/\/les-momzelles-rallyeaichadesgazelles2011.over-blog.com\/\" target=\"_blank\" rel=\"noreferrer noopener\"><strong><span style=\"color:#b5b9bc\" class=\"has-inline-color\">TOUS LES ARTICLES<\/span><\/strong><\/a><\/div>\n<\/div>\n\n\n\n<p><\/p>\n\n\n\n<p>Se d\u00e9tendre, diner, \u00e9crire les rubriques, les mettre en ligne et enfin, vers 1h du matin, dormir jusqu&rsquo;\u00e0 4h, \u00e9puis\u00e9e et repue d&rsquo;une aventure intense et vibrante.<\/p>\n\n\n\n<p><\/p>\n\n\n\n<p>Et aussi \ud83d\udc47\ud83c\udffb<\/p>\n\n\n\n<div class=\"wp-block-buttons is-layout-flex wp-block-buttons-is-layout-flex\">\n<div class=\"wp-block-button is-style-outline\"><a class=\"wp-block-button__link\" href=\"https:\/\/elisabethfouche.com\/index.php\/2017\/02\/14\/reportages-pour-noos-tv\/\"><span style=\"color:#f7d8aa\" class=\"has-inline-color\">JRI<\/span><\/a><\/div>\n\n\n\n<div class=\"wp-block-button is-style-outline\"><a class=\"wp-block-button__link\" href=\"https:\/\/elisabethfouche.com\/index.php\/audiovisuel\/assistante-realisation-journaliste-intervieweuse\/\"><span style=\"color:#f7d8aa\" class=\"has-inline-color\">Intervieweuse tournage<\/span><\/a><\/div>\n\n\n\n<div class=\"wp-block-button is-style-outline\"><a class=\"wp-block-button__link\" href=\"https:\/\/elisabethfouche.com\/index.php\/journalisme\/interviews-litteraires-a-la-fnac\/\"><span style=\"color:#f7d8aa\" class=\"has-inline-color\">Interview live<\/span><\/a><\/div>\n\n\n\n<div class=\"wp-block-button is-style-outline\"><a class=\"wp-block-button__link\" href=\"https:\/\/elisabethfouche.com\/index.php\/articles-digital-learning\/\"><span style=\"color:#f7d8aa\" class=\"has-inline-color\">Articles Digital Learning<\/span><\/a><\/div>\n\n\n\n<div class=\"wp-block-button is-style-outline\"><a class=\"wp-block-button__link\" href=\"https:\/\/elisabethfouche.com\/index.php\/articles\/\"><span style=\"color:#f7d8aa\" class=\"has-inline-color\">BLOG<\/span><\/a><\/div>\n\n\n\n<div class=\"wp-block-button is-style-outline\"><a class=\"wp-block-button__link\" href=\"https:\/\/elisabethfouche.com\/index.php\/communication-dentreprise\/\"><span style=\"color:#f7d8aa\" class=\"has-inline-color\">Publi-r\u00e9dactionnel<\/span><\/a><\/div>\n\n\n\n<div class=\"wp-block-button is-style-outline\"><a class=\"wp-block-button__link\" href=\"https:\/\/elisabethfouche.com\/index.php\/2020\/12\/09\/city-one\/\"><span style=\"color:#f7d8aa\" class=\"has-inline-color\">Newsletter<\/span><\/a><\/div>\n<\/div>\n\n\n\n<p><\/p>\n","protected":false},"excerpt":{"rendered":"<p>Chroniqueuse reporter sur le rallye A\u00efcha des Gazelles pour l&rsquo;\u00e9quipe d&rsquo;aufeminin.com, j&rsquo;ai pass\u00e9 3 semaines \u00e0 tenir 2 rubriques quotidiennes : Destin\u00e9 \u00e0 l&rsquo;enfant qui sommeille en chacun, la rubrique des bambinos sign\u00e9e par Baboune petit reporter fut une astuce, rapidement \u00e0 succ\u00e8s, pour transmettre autrement cette aventure du d\u00e9sert marocain. Une troisi\u00e8me rubrique, plus &hellip; <a href=\"https:\/\/elisabethfouche.com\/index.php\/journalisme\/reporter-sur-le-rallye-aicha-des-gazelles\/\" class=\"more-link\">Continuer la lecture de <span class=\"screen-reader-text\">Le rallye A\u00efcha des Gazelles vu du c\u00f4t\u00e9 reporter&#8230;         Une claque ce d\u00e9sert !<\/span><\/a><\/p>\n","protected":false},"author":1,"featured_media":0,"parent":135,"menu_order":0,"comment_status":"closed","ping_status":"closed","template":"","meta":{"footnotes":""},"yoast_head":"<!-- This site is optimized with the Yoast SEO plugin v18.3 - https:\/\/yoast.com\/wordpress\/plugins\/seo\/ -->\n<title>Journaliste reporter photo chroniqueuse sur le rallye A\u00efcha des gazelles<\/title>\n<meta name=\"description\" content=\"Journaliste reporter photo chroniqueuse sur le rallye A\u00efcha des gazelles de 3 rubriques quotidiennes et correspondante pour le webzine aufeminin.com\" \/>\n<meta name=\"robots\" content=\"index, follow, max-snippet:-1, max-image-preview:large, max-video-preview:-1\" \/>\n<link rel=\"canonical\" href=\"https:\/\/elisabethfouche.com\/index.php\/journalisme\/reporter-sur-le-rallye-aicha-des-gazelles\/\" \/>\n<meta property=\"og:locale\" content=\"fr_FR\" \/>\n<meta property=\"og:type\" content=\"article\" \/>\n<meta property=\"og:title\" content=\"Journaliste reporter photo chroniqueuse sur le rallye A\u00efcha des gazelles\" \/>\n<meta property=\"og:description\" content=\"Journaliste reporter photo chroniqueuse sur le rallye A\u00efcha des gazelles de 3 rubriques quotidiennes et correspondante pour le webzine aufeminin.com\" \/>\n<meta property=\"og:url\" content=\"https:\/\/elisabethfouche.com\/index.php\/journalisme\/reporter-sur-le-rallye-aicha-des-gazelles\/\" \/>\n<meta property=\"og:site_name\" content=\"Elisabeth Fouch\u00e9\" \/>\n<meta property=\"article:publisher\" content=\"https:\/\/www.facebook.com\/elisabeth.fouche\" \/>\n<meta property=\"article:modified_time\" content=\"2022-03-18T12:39:39+00:00\" \/>\n<meta property=\"og:image\" content=\"http:\/\/elisabethfouche.com\/wp-content\/uploads\/2017\/02\/12-bab-300x225.jpg\" \/>\n<meta name=\"twitter:card\" content=\"summary\" \/>\n<meta name=\"twitter:label1\" content=\"Dur\u00e9e de lecture estim\u00e9e\" \/>\n\t<meta name=\"twitter:data1\" content=\"1 minute\" \/>\n<script type=\"application\/ld+json\" class=\"yoast-schema-graph\">{\"@context\":\"https:\/\/schema.org\",\"@graph\":[{\"@type\":\"WebSite\",\"@id\":\"https:\/\/elisabethfouche.com\/#website\",\"url\":\"https:\/\/elisabethfouche.com\/\",\"name\":\"Elisabeth Fouch\u00e9\",\"description\":\"\",\"potentialAction\":[{\"@type\":\"SearchAction\",\"target\":{\"@type\":\"EntryPoint\",\"urlTemplate\":\"https:\/\/elisabethfouche.com\/?s={search_term_string}\"},\"query-input\":\"required name=search_term_string\"}],\"inLanguage\":\"fr-FR\"},{\"@type\":\"ImageObject\",\"@id\":\"https:\/\/elisabethfouche.com\/index.php\/journalisme\/reporter-sur-le-rallye-aicha-des-gazelles\/#primaryimage\",\"inLanguage\":\"fr-FR\",\"url\":\"http:\/\/elisabethfouche.com\/wp-content\/uploads\/2017\/02\/12-bab-300x225.jpg\",\"contentUrl\":\"http:\/\/elisabethfouche.com\/wp-content\/uploads\/2017\/02\/12-bab-300x225.jpg\"},{\"@type\":\"WebPage\",\"@id\":\"https:\/\/elisabethfouche.com\/index.php\/journalisme\/reporter-sur-le-rallye-aicha-des-gazelles\/#webpage\",\"url\":\"https:\/\/elisabethfouche.com\/index.php\/journalisme\/reporter-sur-le-rallye-aicha-des-gazelles\/\",\"name\":\"Journaliste reporter photo chroniqueuse sur le rallye A\u00efcha des gazelles\",\"isPartOf\":{\"@id\":\"https:\/\/elisabethfouche.com\/#website\"},\"primaryImageOfPage\":{\"@id\":\"https:\/\/elisabethfouche.com\/index.php\/journalisme\/reporter-sur-le-rallye-aicha-des-gazelles\/#primaryimage\"},\"datePublished\":\"2017-02-11T20:47:43+00:00\",\"dateModified\":\"2022-03-18T12:39:39+00:00\",\"description\":\"Journaliste reporter photo chroniqueuse sur le rallye A\u00efcha des gazelles de 3 rubriques quotidiennes et correspondante pour le webzine aufeminin.com\",\"breadcrumb\":{\"@id\":\"https:\/\/elisabethfouche.com\/index.php\/journalisme\/reporter-sur-le-rallye-aicha-des-gazelles\/#breadcrumb\"},\"inLanguage\":\"fr-FR\",\"potentialAction\":[{\"@type\":\"ReadAction\",\"target\":[\"https:\/\/elisabethfouche.com\/index.php\/journalisme\/reporter-sur-le-rallye-aicha-des-gazelles\/\"]}]},{\"@type\":\"BreadcrumbList\",\"@id\":\"https:\/\/elisabethfouche.com\/index.php\/journalisme\/reporter-sur-le-rallye-aicha-des-gazelles\/#breadcrumb\",\"itemListElement\":[{\"@type\":\"ListItem\",\"position\":1,\"name\":\"Accueil\",\"item\":\"https:\/\/elisabethfouche.com\/\"},{\"@type\":\"ListItem\",\"position\":2,\"name\":\"Journalisme\",\"item\":\"https:\/\/elisabethfouche.com\/index.php\/journalisme\/\"},{\"@type\":\"ListItem\",\"position\":3,\"name\":\"Le rallye A\u00efcha des Gazelles vu du c\u00f4t\u00e9 reporter&#8230; Une claque ce d\u00e9sert !\"}]}]}<\/script>\n<!-- \/ Yoast SEO plugin. -->","yoast_head_json":{"title":"Journaliste reporter photo chroniqueuse sur le rallye A\u00efcha des gazelles","description":"Journaliste reporter photo chroniqueuse sur le rallye A\u00efcha des gazelles de 3 rubriques quotidiennes et correspondante pour le webzine aufeminin.com","robots":{"index":"index","follow":"follow","max-snippet":"max-snippet:-1","max-image-preview":"max-image-preview:large","max-video-preview":"max-video-preview:-1"},"canonical":"https:\/\/elisabethfouche.com\/index.php\/journalisme\/reporter-sur-le-rallye-aicha-des-gazelles\/","og_locale":"fr_FR","og_type":"article","og_title":"Journaliste reporter photo chroniqueuse sur le rallye A\u00efcha des gazelles","og_description":"Journaliste reporter photo chroniqueuse sur le rallye A\u00efcha des gazelles de 3 rubriques quotidiennes et correspondante pour le webzine aufeminin.com","og_url":"https:\/\/elisabethfouche.com\/index.php\/journalisme\/reporter-sur-le-rallye-aicha-des-gazelles\/","og_site_name":"Elisabeth Fouch\u00e9","article_publisher":"https:\/\/www.facebook.com\/elisabeth.fouche","article_modified_time":"2022-03-18T12:39:39+00:00","og_image":[{"url":"http:\/\/elisabethfouche.com\/wp-content\/uploads\/2017\/02\/12-bab-300x225.jpg"}],"twitter_card":"summary","twitter_misc":{"Dur\u00e9e de lecture estim\u00e9e":"1 minute"},"schema":{"@context":"https:\/\/schema.org","@graph":[{"@type":"WebSite","@id":"https:\/\/elisabethfouche.com\/#website","url":"https:\/\/elisabethfouche.com\/","name":"Elisabeth Fouch\u00e9","description":"","potentialAction":[{"@type":"SearchAction","target":{"@type":"EntryPoint","urlTemplate":"https:\/\/elisabethfouche.com\/?s={search_term_string}"},"query-input":"required name=search_term_string"}],"inLanguage":"fr-FR"},{"@type":"ImageObject","@id":"https:\/\/elisabethfouche.com\/index.php\/journalisme\/reporter-sur-le-rallye-aicha-des-gazelles\/#primaryimage","inLanguage":"fr-FR","url":"http:\/\/elisabethfouche.com\/wp-content\/uploads\/2017\/02\/12-bab-300x225.jpg","contentUrl":"http:\/\/elisabethfouche.com\/wp-content\/uploads\/2017\/02\/12-bab-300x225.jpg"},{"@type":"WebPage","@id":"https:\/\/elisabethfouche.com\/index.php\/journalisme\/reporter-sur-le-rallye-aicha-des-gazelles\/#webpage","url":"https:\/\/elisabethfouche.com\/index.php\/journalisme\/reporter-sur-le-rallye-aicha-des-gazelles\/","name":"Journaliste reporter photo chroniqueuse sur le rallye A\u00efcha des gazelles","isPartOf":{"@id":"https:\/\/elisabethfouche.com\/#website"},"primaryImageOfPage":{"@id":"https:\/\/elisabethfouche.com\/index.php\/journalisme\/reporter-sur-le-rallye-aicha-des-gazelles\/#primaryimage"},"datePublished":"2017-02-11T20:47:43+00:00","dateModified":"2022-03-18T12:39:39+00:00","description":"Journaliste reporter photo chroniqueuse sur le rallye A\u00efcha des gazelles de 3 rubriques quotidiennes et correspondante pour le webzine aufeminin.com","breadcrumb":{"@id":"https:\/\/elisabethfouche.com\/index.php\/journalisme\/reporter-sur-le-rallye-aicha-des-gazelles\/#breadcrumb"},"inLanguage":"fr-FR","potentialAction":[{"@type":"ReadAction","target":["https:\/\/elisabethfouche.com\/index.php\/journalisme\/reporter-sur-le-rallye-aicha-des-gazelles\/"]}]},{"@type":"BreadcrumbList","@id":"https:\/\/elisabethfouche.com\/index.php\/journalisme\/reporter-sur-le-rallye-aicha-des-gazelles\/#breadcrumb","itemListElement":[{"@type":"ListItem","position":1,"name":"Accueil","item":"https:\/\/elisabethfouche.com\/"},{"@type":"ListItem","position":2,"name":"Journalisme","item":"https:\/\/elisabethfouche.com\/index.php\/journalisme\/"},{"@type":"ListItem","position":3,"name":"Le rallye A\u00efcha des Gazelles vu du c\u00f4t\u00e9 reporter&#8230; Une claque ce d\u00e9sert !"}]}]}},"_links":{"self":[{"href":"https:\/\/elisabethfouche.com\/index.php\/wp-json\/wp\/v2\/pages\/121"}],"collection":[{"href":"https:\/\/elisabethfouche.com\/index.php\/wp-json\/wp\/v2\/pages"}],"about":[{"href":"https:\/\/elisabethfouche.com\/index.php\/wp-json\/wp\/v2\/types\/page"}],"author":[{"embeddable":true,"href":"https:\/\/elisabethfouche.com\/index.php\/wp-json\/wp\/v2\/users\/1"}],"replies":[{"embeddable":true,"href":"https:\/\/elisabethfouche.com\/index.php\/wp-json\/wp\/v2\/comments?post=121"}],"version-history":[{"count":31,"href":"https:\/\/elisabethfouche.com\/index.php\/wp-json\/wp\/v2\/pages\/121\/revisions"}],"predecessor-version":[{"id":918,"href":"https:\/\/elisabethfouche.com\/index.php\/wp-json\/wp\/v2\/pages\/121\/revisions\/918"}],"up":[{"embeddable":true,"href":"https:\/\/elisabethfouche.com\/index.php\/wp-json\/wp\/v2\/pages\/135"}],"wp:attachment":[{"href":"https:\/\/elisabethfouche.com\/index.php\/wp-json\/wp\/v2\/media?parent=121"}],"curies":[{"name":"wp","href":"https:\/\/api.w.org\/{rel}","templated":true}]}}