{"id":124,"date":"2017-02-11T21:57:13","date_gmt":"2017-02-11T20:57:13","guid":{"rendered":"http:\/\/elisabethfouche.com\/?page_id=124"},"modified":"2022-03-18T13:39:38","modified_gmt":"2022-03-18T12:39:38","slug":"interviews-litteraires-a-la-fnac","status":"publish","type":"page","link":"https:\/\/elisabethfouche.com\/index.php\/journalisme\/interviews-litteraires-a-la-fnac\/","title":{"rendered":"Interviews litt\u00e9raires \u00e0 la FNAC \u00e0 r\u00e9-\u00e9couter !"},"content":{"rendered":"<p>Journaliste animateur pour les rencontres culturelles de la FNAC, j&rsquo;ai interview\u00e9 devant public des auteurs de romans, r\u00e9cits, BD, d\u00e9veloppement personnel, des metteurs en sc\u00e8ne et com\u00e9diens, des humoristes, animateurs TV, commissaires d&rsquo;exposition ou directeurs de fondation.&nbsp;<\/p>\n<p>Eric Emmanuel Schmitt, Marie Desplechin, Bernard Werber, Charles Dantzig, Fr\u00e9d\u00e9ric Beigbeder, Emilie de Turckheim, Olivia de Lamberterie, Abd Al Malik, Jacques Salom\u00e9, Aldo Naouri, Fr\u00e9d\u00e9ric R\u00e9b\u00e9na, Francis Huster, Bernard Campan ou Thierry Lhermitte, Jean-Christophe Barc, Steve Suissa, Jean-Louis Beno\u00eet, Michael Hirsch, St\u00e9phane Guillon,&nbsp;Franck Goddio, Fran\u00e7ois Vacherat&#8230;<\/p>\n<p>En voici quelques traces &#8230;<\/p>\n<p><figure id=\"attachment_141\" aria-describedby=\"caption-attachment-141\" style=\"width: 300px\" class=\"wp-caption alignnone\"><img loading=\"lazy\" decoding=\"async\" class=\"wp-image-141\" src=\"https:\/\/elisabethfouche.com\/wp-content\/uploads\/2017\/02\/Jacques-Salom\u00e9-300x199.jpg\" alt=\"\" width=\"300\" height=\"199\" srcset=\"https:\/\/elisabethfouche.com\/wp-content\/uploads\/2017\/02\/Jacques-Salom\u00e9-300x199.jpg 300w, https:\/\/elisabethfouche.com\/wp-content\/uploads\/2017\/02\/Jacques-Salom\u00e9-768x510.jpg 768w, https:\/\/elisabethfouche.com\/wp-content\/uploads\/2017\/02\/Jacques-Salom\u00e9-1024x680.jpg 1024w, https:\/\/elisabethfouche.com\/wp-content\/uploads\/2017\/02\/Jacques-Salom\u00e9.jpg 2048w\" sizes=\"(max-width: 300px) 100vw, 300px\" \/><figcaption id=\"caption-attachment-141\" class=\"wp-caption-text\"><span style=\"font-family: 'News Cycle';\">\u00ab\u00a0Voyage au pays de l&rsquo;amour\u00a0\u00bb de Jacques Salom\u00e9<\/span><\/figcaption><\/figure><br>\n<figure id=\"attachment_128\" aria-describedby=\"caption-attachment-128\" style=\"width: 300px\" class=\"wp-caption alignnone\"><img loading=\"lazy\" decoding=\"async\" class=\"wp-image-128 size-medium\" src=\"https:\/\/elisabethfouche.com\/wp-content\/uploads\/2017\/02\/25-janvier-2016-300x225.jpg\" alt=\"\" width=\"300\" height=\"225\" srcset=\"https:\/\/elisabethfouche.com\/wp-content\/uploads\/2017\/02\/25-janvier-2016-300x225.jpg 300w, https:\/\/elisabethfouche.com\/wp-content\/uploads\/2017\/02\/25-janvier-2016-768x576.jpg 768w, https:\/\/elisabethfouche.com\/wp-content\/uploads\/2017\/02\/25-janvier-2016-1024x768.jpg 1024w, https:\/\/elisabethfouche.com\/wp-content\/uploads\/2017\/02\/25-janvier-2016.jpg 1152w\" sizes=\"(max-width: 300px) 100vw, 300px\" \/><figcaption id=\"caption-attachment-128\" class=\"wp-caption-text\"><span style=\"font-family: 'News Cycle';\">\u00ab\u00a0Le syndrome de l&rsquo;\u00e9cossais\u00a0\u00bb une pi\u00e8ce de th\u00e9\u00e2tre mise en sc\u00e8ne par Jean-Louis Benoit avec Bernard Campan et Thierry Lhermitte<\/span><\/figcaption><\/figure><br>\n<figure id=\"attachment_126\" aria-describedby=\"caption-attachment-126\" style=\"width: 300px\" class=\"wp-caption alignnone\"><img loading=\"lazy\" decoding=\"async\" class=\"wp-image-126 size-medium\" src=\"https:\/\/elisabethfouche.com\/wp-content\/uploads\/2017\/02\/Beigbeder-octobre-2015-300x225.jpg\" alt=\"\" width=\"300\" height=\"225\" srcset=\"https:\/\/elisabethfouche.com\/wp-content\/uploads\/2017\/02\/Beigbeder-octobre-2015-300x225.jpg 300w, https:\/\/elisabethfouche.com\/wp-content\/uploads\/2017\/02\/Beigbeder-octobre-2015-768x576.jpg 768w, https:\/\/elisabethfouche.com\/wp-content\/uploads\/2017\/02\/Beigbeder-octobre-2015.jpg 1024w\" sizes=\"(max-width: 300px) 100vw, 300px\" \/><figcaption id=\"caption-attachment-126\" class=\"wp-caption-text\"><span style=\"font-family: 'News Cycle';\">\u00ab\u00a0Conversations d&rsquo;un enfant du si\u00e8cle\u00a0\u00bb de Fr\u00e9d\u00e9ric Beigbeder<\/span><\/figcaption><\/figure><\/p>\n<!--[if lt IE 9]><script>document.createElement('audio');<\/script><![endif]-->\n<audio class=\"wp-audio-shortcode\" id=\"audio-124-1\" preload=\"none\" style=\"width: 100%;\" controls=\"controls\"><source type=\"audio\/mpeg\" src=\"https:\/\/elisabethfouche.com\/wp-content\/uploads\/2017\/02\/beigbeder-FNAC.mp3?_=1\" \/><a href=\"https:\/\/elisabethfouche.com\/wp-content\/uploads\/2017\/02\/beigbeder-FNAC.mp3\">https:\/\/elisabethfouche.com\/wp-content\/uploads\/2017\/02\/beigbeder-FNAC.mp3<\/a><\/audio>\n<p><\/p>\n<figure id=\"attachment_127\" aria-describedby=\"caption-attachment-127\" style=\"width: 300px\" class=\"wp-caption alignnone\"><img loading=\"lazy\" decoding=\"async\" class=\"wp-image-127 size-medium\" src=\"https:\/\/elisabethfouche.com\/wp-content\/uploads\/2017\/02\/Dantzig-oct-2015-300x225.jpg\" alt=\"\" width=\"300\" height=\"225\" srcset=\"https:\/\/elisabethfouche.com\/wp-content\/uploads\/2017\/02\/Dantzig-oct-2015-300x225.jpg 300w, https:\/\/elisabethfouche.com\/wp-content\/uploads\/2017\/02\/Dantzig-oct-2015-768x576.jpg 768w, https:\/\/elisabethfouche.com\/wp-content\/uploads\/2017\/02\/Dantzig-oct-2015.jpg 1024w\" sizes=\"(max-width: 300px) 100vw, 300px\" \/><figcaption id=\"caption-attachment-127\" class=\"wp-caption-text\"><span style=\"font-family: 'News Cycle';\">\u00ab\u00a0Histoire de l&rsquo;amour et de la haine\u00a0\u00bb Charles Dantzig<\/span><\/figcaption><\/figure>\n<audio class=\"wp-audio-shortcode\" id=\"audio-124-2\" preload=\"none\" style=\"width: 100%;\" controls=\"controls\"><source type=\"audio\/mpeg\" src=\"https:\/\/elisabethfouche.com\/wp-content\/uploads\/2017\/02\/Dantzig-FNAC.mp3?_=2\" \/><a href=\"https:\/\/elisabethfouche.com\/wp-content\/uploads\/2017\/02\/Dantzig-FNAC.mp3\">https:\/\/elisabethfouche.com\/wp-content\/uploads\/2017\/02\/Dantzig-FNAC.mp3<\/a><\/audio>\n<p><\/p>\n<figure id=\"attachment_332\" aria-describedby=\"caption-attachment-332\" style=\"width: 300px\" class=\"wp-caption alignnone\"><img loading=\"lazy\" decoding=\"async\" class=\"wp-image-332 size-medium\" src=\"https:\/\/elisabethfouche.com\/wp-content\/uploads\/2017\/02\/IMG_8570-300x225.jpg\" alt=\"\" width=\"300\" height=\"225\" srcset=\"https:\/\/elisabethfouche.com\/wp-content\/uploads\/2017\/02\/IMG_8570-300x225.jpg 300w, https:\/\/elisabethfouche.com\/wp-content\/uploads\/2017\/02\/IMG_8570-768x576.jpg 768w, https:\/\/elisabethfouche.com\/wp-content\/uploads\/2017\/02\/IMG_8570-1024x768.jpg 1024w, https:\/\/elisabethfouche.com\/wp-content\/uploads\/2017\/02\/IMG_8570.jpg 1632w\" sizes=\"(max-width: 300px) 100vw, 300px\" \/><figcaption id=\"caption-attachment-332\" class=\"wp-caption-text\"><span style=\"font-family: 'News Cycle';\">\u00ab\u00a0Une vie sans fin\u00a0\u00bb Fr\u00e9d\u00e9ric Beigbeder<\/span><\/figcaption><\/figure>\n<figure id=\"attachment_341\" aria-describedby=\"caption-attachment-341\" style=\"width: 300px\" class=\"wp-caption alignnone\"><img loading=\"lazy\" decoding=\"async\" class=\"wp-image-341 size-medium\" src=\"https:\/\/elisabethfouche.com\/wp-content\/uploads\/2017\/02\/IMG_3319-300x300.jpg\" alt=\"\" width=\"300\" height=\"300\" srcset=\"https:\/\/elisabethfouche.com\/wp-content\/uploads\/2017\/02\/IMG_3319-300x300.jpg 300w, https:\/\/elisabethfouche.com\/wp-content\/uploads\/2017\/02\/IMG_3319-150x150.jpg 150w, https:\/\/elisabethfouche.com\/wp-content\/uploads\/2017\/02\/IMG_3319-768x768.jpg 768w, https:\/\/elisabethfouche.com\/wp-content\/uploads\/2017\/02\/IMG_3319-1024x1024.jpg 1024w, https:\/\/elisabethfouche.com\/wp-content\/uploads\/2017\/02\/IMG_3319.jpg 1415w\" sizes=\"(max-width: 300px) 100vw, 300px\" \/><figcaption id=\"caption-attachment-341\" class=\"wp-caption-text\"><span style=\"font-family: 'News Cycle';\">\u00ab\u00a0L&rsquo;enl\u00e8vement des Sabines\u00a0\u00bb par Emilie de Turckheim<\/span><\/figcaption><\/figure>\n<audio class=\"wp-audio-shortcode\" id=\"audio-124-3\" preload=\"none\" style=\"width: 100%;\" controls=\"controls\"><source type=\"audio\/mpeg\" src=\"https:\/\/elisabethfouche.com\/wp-content\/uploads\/2017\/02\/Emilie-De-Turckheim.m4a?_=3\" \/><a href=\"https:\/\/elisabethfouche.com\/wp-content\/uploads\/2017\/02\/Emilie-De-Turckheim.m4a\">https:\/\/elisabethfouche.com\/wp-content\/uploads\/2017\/02\/Emilie-De-Turckheim.m4a<\/a><\/audio>\n<p><\/p>\n<figure id=\"attachment_356\" aria-describedby=\"caption-attachment-356\" style=\"width: 300px\" class=\"wp-caption alignnone\"><img loading=\"lazy\" decoding=\"async\" class=\"wp-image-356 size-medium\" src=\"https:\/\/elisabethfouche.com\/wp-content\/uploads\/2017\/02\/IMG_70961-300x225.jpg\" alt=\"\" width=\"300\" height=\"225\" srcset=\"https:\/\/elisabethfouche.com\/wp-content\/uploads\/2017\/02\/IMG_70961-300x225.jpg 300w, https:\/\/elisabethfouche.com\/wp-content\/uploads\/2017\/02\/IMG_70961-768x576.jpg 768w, https:\/\/elisabethfouche.com\/wp-content\/uploads\/2017\/02\/IMG_70961-1024x768.jpg 1024w, https:\/\/elisabethfouche.com\/wp-content\/uploads\/2017\/02\/IMG_70961.jpg 1080w\" sizes=\"(max-width: 300px) 100vw, 300px\" \/><figcaption id=\"caption-attachment-356\" class=\"wp-caption-text\"><span style=\"font-family: 'News Cycle';\">\u00ab\u00a0Journal d&rsquo;un infr\u00e9quentable\u00a0\u00bb de St\u00e9phane Guillon&nbsp;<\/span><\/figcaption><\/figure>\n<audio class=\"wp-audio-shortcode\" id=\"audio-124-4\" preload=\"none\" style=\"width: 100%;\" controls=\"controls\"><source type=\"audio\/mpeg\" src=\"https:\/\/elisabethfouche.com\/wp-content\/uploads\/2017\/02\/Guillon.m4a?_=4\" \/><a href=\"https:\/\/elisabethfouche.com\/wp-content\/uploads\/2017\/02\/Guillon.m4a\">https:\/\/elisabethfouche.com\/wp-content\/uploads\/2017\/02\/Guillon.m4a<\/a><\/audio>\n<p><\/p>\n<p><figure id=\"attachment_360\" aria-describedby=\"caption-attachment-360\" style=\"width: 300px\" class=\"wp-caption alignnone\"><img loading=\"lazy\" decoding=\"async\" class=\"wp-image-360 size-medium\" src=\"https:\/\/elisabethfouche.com\/wp-content\/uploads\/2017\/02\/P1000302-Copie-300x200.jpg\" alt=\"\" width=\"300\" height=\"200\" srcset=\"https:\/\/elisabethfouche.com\/wp-content\/uploads\/2017\/02\/P1000302-Copie-300x200.jpg 300w, https:\/\/elisabethfouche.com\/wp-content\/uploads\/2017\/02\/P1000302-Copie-768x513.jpg 768w, https:\/\/elisabethfouche.com\/wp-content\/uploads\/2017\/02\/P1000302-Copie-1024x684.jpg 1024w\" sizes=\"(max-width: 300px) 100vw, 300px\" \/><figcaption id=\"caption-attachment-360\" class=\"wp-caption-text\"><span style=\"font-family: 'News Cycle';\">Fran\u00e7ois Vacherat, directeur g\u00e9n\u00e9ral de la fondation ACTION ENFANCE<\/span><\/figcaption><\/figure><br>\n<figure id=\"attachment_361\" aria-describedby=\"caption-attachment-361\" style=\"width: 300px\" class=\"wp-caption alignnone\"><img loading=\"lazy\" decoding=\"async\" class=\"wp-image-361 size-medium\" src=\"https:\/\/elisabethfouche.com\/wp-content\/uploads\/2017\/02\/Rencontre-FNAC-BOnjour-Tristesse-300x225.jpg\" alt=\"\" width=\"300\" height=\"225\" srcset=\"https:\/\/elisabethfouche.com\/wp-content\/uploads\/2017\/02\/Rencontre-FNAC-BOnjour-Tristesse-300x225.jpg 300w, https:\/\/elisabethfouche.com\/wp-content\/uploads\/2017\/02\/Rencontre-FNAC-BOnjour-Tristesse-768x576.jpg 768w, https:\/\/elisabethfouche.com\/wp-content\/uploads\/2017\/02\/Rencontre-FNAC-BOnjour-Tristesse-1024x768.jpg 1024w, https:\/\/elisabethfouche.com\/wp-content\/uploads\/2017\/02\/Rencontre-FNAC-BOnjour-Tristesse.jpg 1280w\" sizes=\"(max-width: 300px) 100vw, 300px\" \/><figcaption id=\"caption-attachment-361\" class=\"wp-caption-text\"><span style=\"font-family: 'News Cycle';\">Denis Westhoff et Fr\u00e9d\u00e9ric R\u00e9b\u00e9na pour l&rsquo;adaptation BD de \u00ab\u00a0Bonjour Tristesse\u00a0\u00bb de Fran\u00e7oise Sagan<\/span><\/figcaption><\/figure><br>\n<figure id=\"attachment_388\" aria-describedby=\"caption-attachment-388\" style=\"width: 300px\" class=\"wp-caption alignnone\"><img loading=\"lazy\" decoding=\"async\" class=\"wp-image-388 size-medium\" src=\"https:\/\/elisabethfouche.com\/wp-content\/uploads\/2020\/11\/thumbnail_IMG_0692-300x225.jpg\" alt=\"\" width=\"300\" height=\"225\" srcset=\"https:\/\/elisabethfouche.com\/wp-content\/uploads\/2020\/11\/thumbnail_IMG_0692-300x225.jpg 300w, https:\/\/elisabethfouche.com\/wp-content\/uploads\/2020\/11\/thumbnail_IMG_0692-768x576.jpg 768w, https:\/\/elisabethfouche.com\/wp-content\/uploads\/2020\/11\/thumbnail_IMG_0692-1024x768.jpg 1024w, https:\/\/elisabethfouche.com\/wp-content\/uploads\/2020\/11\/thumbnail_IMG_0692.jpg 1280w\" sizes=\"(max-width: 300px) 100vw, 300px\" \/><figcaption id=\"caption-attachment-388\" class=\"wp-caption-text\"><span style=\"font-family: 'News Cycle';\">\u00ab\u00a0Avec toutes mes sympathies\u00a0\u00bb d&rsquo;Olivia de Lamberterie<\/span><\/figcaption><\/figure><br>\n<figure id=\"attachment_387\" aria-describedby=\"caption-attachment-387\" style=\"width: 300px\" class=\"wp-caption alignnone\"><img loading=\"lazy\" decoding=\"async\" class=\"wp-image-387 size-medium\" src=\"https:\/\/elisabethfouche.com\/wp-content\/uploads\/2020\/11\/thumbnail_IMG_1862-300x225.jpg\" alt=\"\" width=\"300\" height=\"225\" srcset=\"https:\/\/elisabethfouche.com\/wp-content\/uploads\/2020\/11\/thumbnail_IMG_1862-300x225.jpg 300w, https:\/\/elisabethfouche.com\/wp-content\/uploads\/2020\/11\/thumbnail_IMG_1862-768x576.jpg 768w, https:\/\/elisabethfouche.com\/wp-content\/uploads\/2020\/11\/thumbnail_IMG_1862-1024x768.jpg 1024w, https:\/\/elisabethfouche.com\/wp-content\/uploads\/2020\/11\/thumbnail_IMG_1862.jpg 1280w\" sizes=\"(max-width: 300px) 100vw, 300px\" \/><figcaption id=\"caption-attachment-387\" class=\"wp-caption-text\"><span style=\"font-family: 'News Cycle';\">&nbsp;Abd Al Malik pour son album livre : \u00ab\u00a0Le jeune Noir \u00e0 l&rsquo;\u00e9p\u00e9e\u00a0\u00bb&nbsp;<\/span><\/figcaption><\/figure><\/p>\n\n\n<p>Et aussi \ud83d\udc47\ud83c\udffb<\/p>\n\n\n\n<div class=\"wp-block-buttons is-layout-flex wp-block-buttons-is-layout-flex\">\n<div class=\"wp-block-button is-style-outline\"><a class=\"wp-block-button__link\" href=\"https:\/\/elisabethfouche.com\/index.php\/2017\/02\/14\/reportages-pour-noos-tv\/\"><span style=\"color:#f7d8aa\" class=\"has-inline-color\">JRI<\/span><\/a><\/div>\n\n\n\n<div class=\"wp-block-button is-style-outline\"><a class=\"wp-block-button__link\" href=\"https:\/\/elisabethfouche.com\/index.php\/journalisme\/reporter-sur-le-rallye-aicha-des-gazelles\/\"><span style=\"color:#f7d8aa\" class=\"has-inline-color\">Chroniqueuse reporter<\/span><\/a><\/div>\n\n\n\n<div class=\"wp-block-button is-style-outline\"><a class=\"wp-block-button__link\" href=\"https:\/\/elisabethfouche.com\/index.php\/articles-digital-learning\/\"><span style=\"color:#f7d8aa\" class=\"has-inline-color\">Articles Digital learning<\/span><\/a><\/div>\n\n\n\n<div class=\"wp-block-button is-style-outline\"><a class=\"wp-block-button__link\" href=\"https:\/\/elisabethfouche.com\/index.php\/interviews-articles\/\"><span style=\"color:#f7d8aa\" class=\"has-inline-color\">Interview-article<\/span><\/a><\/div>\n\n\n\n<div class=\"wp-block-button is-style-outline\"><a class=\"wp-block-button__link\" href=\"https:\/\/elisabethfouche.com\/index.php\/communication-dentreprise\/\"><span style=\"color:#f7d8aa\" class=\"has-inline-color\">Publi-r\u00e9dactionnel<\/span><\/a><\/div>\n\n\n\n<div class=\"wp-block-button is-style-outline\"><a class=\"wp-block-button__link\" href=\"https:\/\/elisabethfouche.com\/index.php\/2020\/12\/09\/city-one\/\"><span style=\"color:#f7d8aa\" class=\"has-inline-color\">Newsletter<\/span><\/a><\/div>\n<\/div>\n","protected":false},"excerpt":{"rendered":"<p>Journaliste animateur pour les rencontres culturelles de la FNAC, j&rsquo;ai interview\u00e9 devant public des auteurs de romans, r\u00e9cits, BD, d\u00e9veloppement personnel, des metteurs en sc\u00e8ne et com\u00e9diens, des humoristes, animateurs TV, commissaires d&rsquo;exposition ou directeurs de fondation.&nbsp; Eric Emmanuel Schmitt, Marie Desplechin, Bernard Werber, Charles Dantzig, Fr\u00e9d\u00e9ric Beigbeder, Emilie de Turckheim, Olivia de Lamberterie, Abd &hellip; <a href=\"https:\/\/elisabethfouche.com\/index.php\/journalisme\/interviews-litteraires-a-la-fnac\/\" class=\"more-link\">Continuer la lecture de <span class=\"screen-reader-text\">Interviews litt\u00e9raires \u00e0 la FNAC \u00e0 r\u00e9-\u00e9couter !<\/span><\/a><\/p>\n","protected":false},"author":1,"featured_media":0,"parent":135,"menu_order":0,"comment_status":"closed","ping_status":"closed","template":"","meta":{"footnotes":""},"yoast_head":"<!-- This site is optimized with the Yoast SEO plugin v18.3 - https:\/\/yoast.com\/wordpress\/plugins\/seo\/ -->\n<title>Journaliste mod\u00e9ratrice aux rencontres FNAC interview devant public<\/title>\n<meta name=\"description\" content=\"Journaliste mod\u00e9ratrice aux rencontres FNAC : interview devant public d&#039;auteurs, com\u00e9diens ou commissaires d&#039;exposition pour promotion communication\" \/>\n<meta name=\"robots\" content=\"index, follow, max-snippet:-1, max-image-preview:large, max-video-preview:-1\" \/>\n<link rel=\"canonical\" href=\"https:\/\/elisabethfouche.com\/index.php\/journalisme\/interviews-litteraires-a-la-fnac\/\" \/>\n<meta property=\"og:locale\" content=\"fr_FR\" \/>\n<meta property=\"og:type\" content=\"article\" \/>\n<meta property=\"og:title\" content=\"Journaliste mod\u00e9ratrice aux rencontres FNAC interview devant public\" \/>\n<meta property=\"og:description\" content=\"Journaliste mod\u00e9ratrice aux rencontres FNAC : interview devant public d&#039;auteurs, com\u00e9diens ou commissaires d&#039;exposition pour promotion communication\" \/>\n<meta property=\"og:url\" content=\"https:\/\/elisabethfouche.com\/index.php\/journalisme\/interviews-litteraires-a-la-fnac\/\" \/>\n<meta property=\"og:site_name\" content=\"Elisabeth Fouch\u00e9\" \/>\n<meta property=\"article:publisher\" content=\"https:\/\/www.facebook.com\/elisabeth.fouche\" \/>\n<meta property=\"article:modified_time\" content=\"2022-03-18T12:39:38+00:00\" \/>\n<meta property=\"og:image\" content=\"http:\/\/elisabethfouche.com\/wp-content\/uploads\/2017\/02\/Jacques-Salom\u00e9-300x199.jpg\" \/>\n<meta name=\"twitter:card\" content=\"summary\" \/>\n<meta name=\"twitter:label1\" content=\"Dur\u00e9e de lecture estim\u00e9e\" \/>\n\t<meta name=\"twitter:data1\" content=\"2 minutes\" \/>\n<script type=\"application\/ld+json\" class=\"yoast-schema-graph\">{\"@context\":\"https:\/\/schema.org\",\"@graph\":[{\"@type\":\"WebSite\",\"@id\":\"https:\/\/elisabethfouche.com\/#website\",\"url\":\"https:\/\/elisabethfouche.com\/\",\"name\":\"Elisabeth Fouch\u00e9\",\"description\":\"\",\"potentialAction\":[{\"@type\":\"SearchAction\",\"target\":{\"@type\":\"EntryPoint\",\"urlTemplate\":\"https:\/\/elisabethfouche.com\/?s={search_term_string}\"},\"query-input\":\"required name=search_term_string\"}],\"inLanguage\":\"fr-FR\"},{\"@type\":\"ImageObject\",\"@id\":\"https:\/\/elisabethfouche.com\/index.php\/journalisme\/interviews-litteraires-a-la-fnac\/#primaryimage\",\"inLanguage\":\"fr-FR\",\"url\":\"http:\/\/elisabethfouche.com\/wp-content\/uploads\/2017\/02\/Jacques-Salom\u00e9-300x199.jpg\",\"contentUrl\":\"http:\/\/elisabethfouche.com\/wp-content\/uploads\/2017\/02\/Jacques-Salom\u00e9-300x199.jpg\"},{\"@type\":\"WebPage\",\"@id\":\"https:\/\/elisabethfouche.com\/index.php\/journalisme\/interviews-litteraires-a-la-fnac\/#webpage\",\"url\":\"https:\/\/elisabethfouche.com\/index.php\/journalisme\/interviews-litteraires-a-la-fnac\/\",\"name\":\"Journaliste mod\u00e9ratrice aux rencontres FNAC interview devant public\",\"isPartOf\":{\"@id\":\"https:\/\/elisabethfouche.com\/#website\"},\"primaryImageOfPage\":{\"@id\":\"https:\/\/elisabethfouche.com\/index.php\/journalisme\/interviews-litteraires-a-la-fnac\/#primaryimage\"},\"datePublished\":\"2017-02-11T20:57:13+00:00\",\"dateModified\":\"2022-03-18T12:39:38+00:00\",\"description\":\"Journaliste mod\u00e9ratrice aux rencontres FNAC : interview devant public d'auteurs, com\u00e9diens ou commissaires d'exposition pour promotion communication\",\"breadcrumb\":{\"@id\":\"https:\/\/elisabethfouche.com\/index.php\/journalisme\/interviews-litteraires-a-la-fnac\/#breadcrumb\"},\"inLanguage\":\"fr-FR\",\"potentialAction\":[{\"@type\":\"ReadAction\",\"target\":[\"https:\/\/elisabethfouche.com\/index.php\/journalisme\/interviews-litteraires-a-la-fnac\/\"]}]},{\"@type\":\"BreadcrumbList\",\"@id\":\"https:\/\/elisabethfouche.com\/index.php\/journalisme\/interviews-litteraires-a-la-fnac\/#breadcrumb\",\"itemListElement\":[{\"@type\":\"ListItem\",\"position\":1,\"name\":\"Accueil\",\"item\":\"https:\/\/elisabethfouche.com\/\"},{\"@type\":\"ListItem\",\"position\":2,\"name\":\"Journalisme\",\"item\":\"https:\/\/elisabethfouche.com\/index.php\/journalisme\/\"},{\"@type\":\"ListItem\",\"position\":3,\"name\":\"Interviews litt\u00e9raires \u00e0 la FNAC \u00e0 r\u00e9-\u00e9couter !\"}]}]}<\/script>\n<!-- \/ Yoast SEO plugin. -->","yoast_head_json":{"title":"Journaliste mod\u00e9ratrice aux rencontres FNAC interview devant public","description":"Journaliste mod\u00e9ratrice aux rencontres FNAC : interview devant public d'auteurs, com\u00e9diens ou commissaires d'exposition pour promotion communication","robots":{"index":"index","follow":"follow","max-snippet":"max-snippet:-1","max-image-preview":"max-image-preview:large","max-video-preview":"max-video-preview:-1"},"canonical":"https:\/\/elisabethfouche.com\/index.php\/journalisme\/interviews-litteraires-a-la-fnac\/","og_locale":"fr_FR","og_type":"article","og_title":"Journaliste mod\u00e9ratrice aux rencontres FNAC interview devant public","og_description":"Journaliste mod\u00e9ratrice aux rencontres FNAC : interview devant public d'auteurs, com\u00e9diens ou commissaires d'exposition pour promotion communication","og_url":"https:\/\/elisabethfouche.com\/index.php\/journalisme\/interviews-litteraires-a-la-fnac\/","og_site_name":"Elisabeth Fouch\u00e9","article_publisher":"https:\/\/www.facebook.com\/elisabeth.fouche","article_modified_time":"2022-03-18T12:39:38+00:00","og_image":[{"url":"http:\/\/elisabethfouche.com\/wp-content\/uploads\/2017\/02\/Jacques-Salom\u00e9-300x199.jpg"}],"twitter_card":"summary","twitter_misc":{"Dur\u00e9e de lecture estim\u00e9e":"2 minutes"},"schema":{"@context":"https:\/\/schema.org","@graph":[{"@type":"WebSite","@id":"https:\/\/elisabethfouche.com\/#website","url":"https:\/\/elisabethfouche.com\/","name":"Elisabeth Fouch\u00e9","description":"","potentialAction":[{"@type":"SearchAction","target":{"@type":"EntryPoint","urlTemplate":"https:\/\/elisabethfouche.com\/?s={search_term_string}"},"query-input":"required name=search_term_string"}],"inLanguage":"fr-FR"},{"@type":"ImageObject","@id":"https:\/\/elisabethfouche.com\/index.php\/journalisme\/interviews-litteraires-a-la-fnac\/#primaryimage","inLanguage":"fr-FR","url":"http:\/\/elisabethfouche.com\/wp-content\/uploads\/2017\/02\/Jacques-Salom\u00e9-300x199.jpg","contentUrl":"http:\/\/elisabethfouche.com\/wp-content\/uploads\/2017\/02\/Jacques-Salom\u00e9-300x199.jpg"},{"@type":"WebPage","@id":"https:\/\/elisabethfouche.com\/index.php\/journalisme\/interviews-litteraires-a-la-fnac\/#webpage","url":"https:\/\/elisabethfouche.com\/index.php\/journalisme\/interviews-litteraires-a-la-fnac\/","name":"Journaliste mod\u00e9ratrice aux rencontres FNAC interview devant public","isPartOf":{"@id":"https:\/\/elisabethfouche.com\/#website"},"primaryImageOfPage":{"@id":"https:\/\/elisabethfouche.com\/index.php\/journalisme\/interviews-litteraires-a-la-fnac\/#primaryimage"},"datePublished":"2017-02-11T20:57:13+00:00","dateModified":"2022-03-18T12:39:38+00:00","description":"Journaliste mod\u00e9ratrice aux rencontres FNAC : interview devant public d'auteurs, com\u00e9diens ou commissaires d'exposition pour promotion communication","breadcrumb":{"@id":"https:\/\/elisabethfouche.com\/index.php\/journalisme\/interviews-litteraires-a-la-fnac\/#breadcrumb"},"inLanguage":"fr-FR","potentialAction":[{"@type":"ReadAction","target":["https:\/\/elisabethfouche.com\/index.php\/journalisme\/interviews-litteraires-a-la-fnac\/"]}]},{"@type":"BreadcrumbList","@id":"https:\/\/elisabethfouche.com\/index.php\/journalisme\/interviews-litteraires-a-la-fnac\/#breadcrumb","itemListElement":[{"@type":"ListItem","position":1,"name":"Accueil","item":"https:\/\/elisabethfouche.com\/"},{"@type":"ListItem","position":2,"name":"Journalisme","item":"https:\/\/elisabethfouche.com\/index.php\/journalisme\/"},{"@type":"ListItem","position":3,"name":"Interviews litt\u00e9raires \u00e0 la FNAC \u00e0 r\u00e9-\u00e9couter !"}]}]}},"_links":{"self":[{"href":"https:\/\/elisabethfouche.com\/index.php\/wp-json\/wp\/v2\/pages\/124"}],"collection":[{"href":"https:\/\/elisabethfouche.com\/index.php\/wp-json\/wp\/v2\/pages"}],"about":[{"href":"https:\/\/elisabethfouche.com\/index.php\/wp-json\/wp\/v2\/types\/page"}],"author":[{"embeddable":true,"href":"https:\/\/elisabethfouche.com\/index.php\/wp-json\/wp\/v2\/users\/1"}],"replies":[{"embeddable":true,"href":"https:\/\/elisabethfouche.com\/index.php\/wp-json\/wp\/v2\/comments?post=124"}],"version-history":[{"count":36,"href":"https:\/\/elisabethfouche.com\/index.php\/wp-json\/wp\/v2\/pages\/124\/revisions"}],"predecessor-version":[{"id":1336,"href":"https:\/\/elisabethfouche.com\/index.php\/wp-json\/wp\/v2\/pages\/124\/revisions\/1336"}],"up":[{"embeddable":true,"href":"https:\/\/elisabethfouche.com\/index.php\/wp-json\/wp\/v2\/pages\/135"}],"wp:attachment":[{"href":"https:\/\/elisabethfouche.com\/index.php\/wp-json\/wp\/v2\/media?parent=124"}],"curies":[{"name":"wp","href":"https:\/\/api.w.org\/{rel}","templated":true}]}}