{"id":1337,"date":"2023-10-13T15:21:35","date_gmt":"2023-10-13T13:21:35","guid":{"rendered":"http:\/\/elisabethfouche.com\/?page_id=1337"},"modified":"2025-01-29T13:05:56","modified_gmt":"2025-01-29T12:05:56","slug":"qui-suis-je","status":"publish","type":"page","link":"https:\/\/elisabethfouche.com\/index.php\/qui-suis-je\/","title":{"rendered":"Qui suis-je ?"},"content":{"rendered":"\n<p>J\u2019accompagne les entreprises dans leur strat\u00e9gie de contenu&nbsp;num\u00e9rique : r\u00e9f\u00e9rencement SEO de site web, articles de blog, newsletters impactantes, interviews, vid\u00e9os, podcasts, infographies, animations graphiques, livres blancs, webinaires, et parcours de formations en vid\u00e9o learning interactive. <\/p>\n\n\n\n<h2 class=\"wp-block-heading has-text-color has-link-color wp-elements-777a5245d979c2db09954c8bb845ba98\" style=\"color:#27d9d9\">Mes prestations&nbsp;<\/h2>\n\n\n\n<p>\ud83c\udfaf Audit de votre \u00e9cosyst\u00e8me digital, audit s\u00e9mantique, strat\u00e9gie de contenu SEO, construction de votre projet \u00e9ditorial, ing\u00e9nierie p\u00e9dagogique, strat\u00e9gie learning. <\/p>\n\n\n\n<p>\ud83c\udfc5 Am\u00e9lioration et\/ou cr\u00e9ation de votre contenu digital&nbsp;: site web, blog, r\u00e9seaux sociaux, newsletter, livre blanc, \u00e9tude de cas, parcours de vid\u00e9o learning interactive by https:\/\/www.kumullus.com\/k-air\/<\/p>\n\n\n\n<p>\u26f5 <em>The sky is the limit<\/em>&nbsp;: spot audiovisuel, podcast, article, reportage, minis\u00e9rie, challenge vid\u00e9o, coaching interview, posture, live, etc.&nbsp;<\/p>\n\n\n\n<p class=\"has-text-align-center\"><strong>Vous recherchez du contenu \u00e0 forte valeur ajout\u00e9e qui captive et convertisse votre audience&nbsp;?&nbsp;&nbsp;<\/strong><\/p>\n\n\n\n<div class=\"wp-block-buttons is-content-justification-center is-layout-flex wp-container-core-buttons-layout-1 wp-block-buttons-is-layout-flex\">\n<div class=\"wp-block-button\"><a class=\"wp-block-button__link has-text-color has-background has-link-color has-text-align-center wp-element-button\" href=\"mailto:fouche.elisa@gmail.com\" style=\"color:#27d9d9;background-color:#fb0404\" target=\"_blank\" rel=\"noreferrer noopener\">Contactez-moi <\/a><\/div>\n<\/div>\n\n\n\n<h2 class=\"wp-block-heading has-text-color has-link-color wp-elements-b2a770a9b961c570d1824df9fbd899fd\" style=\"color:#27d9d9\">Pourquoi le journalisme m\u2019a fa\u00e7onn\u00e9e\u2026 &nbsp;<\/h2>\n\n\n\n<p>Ma carri\u00e8re professionnelle d\u00e9bute en 2003, Place Vend\u00f4me, comme assistante du r\u00e9dacteur en chef et r\u00e9dactrice du magazine&nbsp;<em>H\u00f4tel &amp; Lodge<\/em>.<\/p>\n\n\n\n<p>S\u2019ensuivent dix ann\u00e9es de piges dans la presse \u00e9crite sur des sujets et des th\u00e9matiques vari\u00e9s.<\/p>\n\n\n\n<p>Il n\u2019y a pas de meilleure \u00e9cole pour apprendre \u00e0 se documenter, v\u00e9rifier les sources, choisir l\u2019angle qui fera la diff\u00e9rence et acqu\u00e9rir une solide m\u00e9thodologie \u00e9ditoriale.&nbsp;<\/p>\n\n\n\n<p>Le journalisme d\u00e9veloppe l\u2019exigence critique, la rigueur, la planification, l\u2019esprit d\u2019analyse et de synth\u00e8se.&nbsp;<\/p>\n\n\n\n<h2 class=\"wp-block-heading has-text-color has-link-color wp-elements-b5d0c9e03b980371a84e0b9950d5f3f1\" style=\"color:#27d9d9\">\u2026 Et la r\u00e9daction web, optimis\u00e9e !&nbsp;<\/h2>\n\n\n\n<p>En 2012, je m\u2019oriente vers la communication digitale. Peu \u00e0 peu, le Web devient mon terrain de jeu.&nbsp;<\/p>\n\n\n\n<p>Je me forme \u00e0 l\u2019optimisation de contenus et \u00e0 des techniques r\u00e9dactionnelles plus commerciales :&nbsp;UX writing, copywriting, storytelling\u2026 Le content marketing et le social media m\u2019attirent au fond des flux.<\/p>\n\n\n\n<p>Et la strat\u00e9gie digitale est une corde de plus \u00e0 mon arc qui prend peu \u00e0 peu des allures de harpe !&nbsp;<\/p>\n\n\n\n<h2 class=\"wp-block-heading has-text-color has-link-color wp-elements-1fdf11aa7c567304029a4b88aa129a6c\" style=\"color:#27d9d9\">Mais que se passe-t-il quand la cr\u00e9ativit\u00e9 s\u2019en m\u00eale ?&nbsp;<\/h2>\n\n\n\n<p>Ce dont je r\u00eavais, moi, c\u2019\u00e9tait d\u2019\u00eatre \u00e9crivain et cin\u00e9aste !&nbsp;<\/p>\n\n\n\n<p>Dans les ann\u00e9es 2000, je r\u00e9alise des courts-m\u00e9trages, \u00e9cris un sc\u00e9nario de long, travaille sur des tournages de fiction puis pour une cha\u00eene TV comme <a href=\"https:\/\/elisabethfouche.com\/index.php\/2017\/02\/14\/reportages-pour-noos-tv\/\" target=\"_blank\" rel=\"noreferrer noopener\">JRI<\/a> (Journaliste reporter d\u2019images). Mais je ne suis ni la nouvelle Fran\u00e7oise Sagan, ni le nouveau Jacques Tati ! \ud83d\ude14<\/p>\n\n\n\n<h3 class=\"wp-block-heading has-text-color has-link-color wp-elements-a10e5ff63317085e33509a47d4617d5e\" style=\"color:#27d9d9\">Apr\u00e8s l\u2019audiovisuel, cap sur la photo et le graphisme<\/h3>\n\n\n\n<p>Cr\u00e9ative et curieuse, je saisis toutes les opportunit\u00e9s d\u2019explorer de nouveaux supports et deviens assistante photographe dix ans sur les fashion Weeks.&nbsp;<\/p>\n\n\n\n<p>Je serai \u00e9galement graphiste et attach\u00e9e de presse sur le festival <a href=\"https:\/\/elisabethfouche.com\/wp-content\/uploads\/2020\/12\/Dossier-de-Presse.pdf\" target=\"_blank\" rel=\"noreferrer noopener\">JAZZKIF \u00e0 Kinshasa<\/a>. Mais c\u2019est une autre histoire\u2026<\/p>\n\n\n\n<p>Je parfais mon expertise de l\u2019image et du multim\u00e9dia et me r\u00e9v\u00e8le \u00eatre un cam\u00e9l\u00e9on qui aime par-dessus tout d\u00e9couvrir, apprendre et m\u2019adapter !&nbsp;<\/p>\n\n\n\n<h3 class=\"wp-block-heading has-text-color has-link-color wp-elements-8aeaf7722f9e4e9ca33ed4e9c268c405\" style=\"color:#27d9d9\">Le Digital Learning&nbsp;ou la n\u00e9cessit\u00e9 de cr\u00e9er du contenu multimodale<\/h3>\n\n\n\n<p>En 2014, j\u2019int\u00e8gre le Digital Learning par le biais de l\u2019audiovisuel comme sc\u00e9nariste de <a href=\"https:\/\/elisabethfouche.com\/index.php\/conceptrice-redactrice-digital-learning\/\" target=\"_blank\" rel=\"noreferrer noopener\">programmes courts<\/a> de r\u00e9visions du BAC et du Brevet pour Canal Sat et France TV.<\/p>\n\n\n\n<p>Je d\u00e9cide de me former \u00e0 l\u2019ing\u00e9nierie p\u00e9dagogique dont les m\u00e9canismes sont proches de ceux de la strat\u00e9gie de contenu en communication&nbsp;: public cible, objectifs principaux et secondaires, ton, d\u00e9ploiement de supports, de m\u00e9dias\u2026<\/p>\n\n\n\n<p>Comme dans le journalisme ou la r\u00e9daction web, la vulgarisation demande de trier une foule d\u2019informations pour n\u2019en retenir que l\u2019essentiel.&nbsp;<\/p>\n\n\n\n<p>C\u2019est donc le d\u00e9but d\u2019une longue s\u00e9rie de missions de conception de parcours de formation en vid\u00e9o Learning pour de grands groupes tels que\u00a0: Air France, AXA, IFIS, Soci\u00e9t\u00e9 G\u00e9n\u00e9rale, BNP, IPERIA, Business Immo, etc.<\/p>\n\n\n\n<p>Et cr\u00e9ation de contenu ludique oblige&nbsp;! En formation, on picore du podcast \u00e0 la vid\u00e9o en passant par un article de fond, une animation, une fiche r\u00e9cap\u2019 ou un QCM.&nbsp;<\/p>\n\n\n\n<h2 class=\"wp-block-heading has-text-color has-link-color wp-elements-9148f0671a0ad9250af709bc9a314568\" style=\"color:#27d9d9\">Comment je suis devenue une cr\u00e9atrice de contenu polyvalente en 9 clients<\/h2>\n\n\n\n<ul>\n<li><strong>Le + glamour :&nbsp;&nbsp;<\/strong>les&nbsp;<a href=\"https:\/\/elisabethfouche.com\/index.php\/journalisme\/interviews-litteraires-a-la-fnac\/\" target=\"_blank\" rel=\"noreferrer noopener\"><strong>interviews<\/strong>&nbsp;litt\u00e9raires \u00e0 la&nbsp;<strong>FNAC<\/strong><\/a>&nbsp;devant public&nbsp;<strong>in live.<\/strong><\/li>\n\n\n\n<li><strong>Le + GAFAM :\u00a0<\/strong>la\u00a0<strong>r\u00e9daction SEO<\/strong>\u00a0pour\u00a0<strong>Google Maps<\/strong>\u00a0de tous les commerces r\u00e9pertori\u00e9s en France en 2018.<\/li>\n\n\n\n<li><strong>Le + Industriel :&nbsp;<\/strong>la cr\u00e9ation de 10&nbsp;<a href=\"https:\/\/elisabethfouche.com\/index.php\/conceptrice-realisatrice-de-mooc-audiovisuels\/\" target=\"_blank\" rel=\"noreferrer noopener\"><strong>vid\u00e9os<\/strong>&nbsp;p\u00e9dagogiques<\/a> sur l\u2019impression 3D m\u00e9tal pour&nbsp;<strong>Addup-Michelin<\/strong>, d\u00e9sireux de se positionner comme leader du march\u00e9 de la fabrication additive.&nbsp;<\/li>\n\n\n\n<li><strong>Le + \u00e9ditorial :&nbsp;<\/strong>la cr\u00e9ation d\u2019une&nbsp;<a href=\"https:\/\/elisabethfouche.com\/index.php\/2020\/12\/09\/newsletter-city-one\/\" target=\"_blank\" rel=\"noreferrer noopener\"><strong>newsletter<\/strong>&nbsp;interne<\/a> \u00e0 destination des clients et des collaborateurs du groupe&nbsp;<strong>City One<\/strong>.<\/li>\n\n\n\n<li><strong>Le + intense :&nbsp;<\/strong>le&nbsp;<strong>reportage articles photos <a href=\"https:\/\/elisabethfouche.com\/index.php\/journalisme\/reporter-sur-le-rallye-aicha-des-gazelles\/\" target=\"_blank\" rel=\"noreferrer noopener\">du rallye des gazelles<\/a>&nbsp;<\/strong>avec 3 rubriques quotidiennes durant 1 mois de bivouac dans le d\u00e9sert du Sahara.&nbsp;<\/li>\n\n\n\n<li><strong>Le + transverse :&nbsp;<\/strong>la <a href=\"https:\/\/elisabethfouche.com\/index.php\/audiovisuel\/assistante-realisation-journaliste-intervieweuse\/\" target=\"_blank\" rel=\"noreferrer noopener\">communication audiovisuelle<\/a> du groupe&nbsp;<strong>Emerige<\/strong>&nbsp;lors de sa candidature au projet immobilier du Grand Paris.&nbsp;<\/li>\n\n\n\n<li><strong>Le + technique :&nbsp;<\/strong>la&nbsp;<strong>cr\u00e9ation<\/strong>&nbsp;du parcours de formation&nbsp;<strong>multimodale<\/strong>&nbsp;sur le contr\u00f4le interne chez&nbsp;<strong>GRDF.&nbsp;&nbsp;<\/strong><\/li>\n\n\n\n<li><strong>Le + <em>from scratch<\/em> :&nbsp;<\/strong>la cr\u00e9ation&nbsp;<strong>graphique<\/strong>&nbsp;de l\u2019identit\u00e9 visuelle et&nbsp;<strong>sociale. m\u00e9dia<\/strong>&nbsp;+&nbsp;<a href=\"https:\/\/elisabethfouche.com\/index.php\/podcast-dentreprise\/\" target=\"_blank\" rel=\"noreferrer noopener\"><strong>podcast<\/strong>&nbsp;<\/a>pour&nbsp;<strong>Nalab,&nbsp;<\/strong>un cabinet de conseil sautant le pas de la transition digitale.&nbsp;<\/li>\n\n\n\n<li><strong>Le + strat\u00e9gique :&nbsp;<\/strong>le plan de&nbsp;<strong>communication 360<\/strong>&nbsp;et la&nbsp;<strong>strat\u00e9gie \u00e9ditoriale&nbsp;<\/strong>pour l\u2019<strong><a href=\"https:\/\/elisabethfouche.com\/index.php\/creation-de-contenu\/\" target=\"_blank\" rel=\"noreferrer noopener\">Association Fran\u00e7oise Sagan<\/a>.<\/strong><\/li>\n<\/ul>\n","protected":false},"excerpt":{"rendered":"<p>J\u2019accompagne les entreprises dans leur strat\u00e9gie de contenu&nbsp;num\u00e9rique : r\u00e9f\u00e9rencement SEO de site web, articles de blog, newsletters impactantes, interviews, vid\u00e9os, podcasts, infographies, animations graphiques, livres blancs, webinaires, et parcours de formations en vid\u00e9o learning interactive. Mes prestations&nbsp; \ud83c\udfaf Audit de votre \u00e9cosyst\u00e8me digital, audit s\u00e9mantique, strat\u00e9gie de contenu SEO, construction de votre projet \u00e9ditorial, &hellip; <a href=\"https:\/\/elisabethfouche.com\/index.php\/qui-suis-je\/\" class=\"more-link\">Continuer la lecture de <span class=\"screen-reader-text\">Qui suis-je ?<\/span><\/a><\/p>\n","protected":false},"author":1,"featured_media":0,"parent":0,"menu_order":0,"comment_status":"closed","ping_status":"closed","template":"","meta":{"footnotes":""},"yoast_head":"<!-- This site is optimized with the Yoast SEO plugin v18.3 - https:\/\/yoast.com\/wordpress\/plugins\/seo\/ -->\n<title>Qui suis-je ? - Elisabeth Fouch\u00e9<\/title>\n<meta name=\"description\" content=\"R\u00e9dactrice Web SEO I Strat\u00e9gie de contenu I SOCIAL MEDIA I Journaliste vid\u00e9o I Ing\u00e9nieure p\u00e9dagogique de vid\u00e9o learning interactive\" \/>\n<meta name=\"robots\" content=\"index, follow, max-snippet:-1, max-image-preview:large, max-video-preview:-1\" \/>\n<link rel=\"canonical\" href=\"https:\/\/elisabethfouche.com\/index.php\/qui-suis-je\/\" \/>\n<meta property=\"og:locale\" content=\"fr_FR\" \/>\n<meta property=\"og:type\" content=\"article\" \/>\n<meta property=\"og:title\" content=\"Qui suis-je ? - Elisabeth Fouch\u00e9\" \/>\n<meta property=\"og:description\" content=\"R\u00e9dactrice Web SEO I Strat\u00e9gie de contenu I SOCIAL MEDIA I Journaliste vid\u00e9o I Ing\u00e9nieure p\u00e9dagogique de vid\u00e9o learning interactive\" \/>\n<meta property=\"og:url\" content=\"https:\/\/elisabethfouche.com\/index.php\/qui-suis-je\/\" \/>\n<meta property=\"og:site_name\" content=\"Elisabeth Fouch\u00e9\" \/>\n<meta property=\"article:publisher\" content=\"https:\/\/www.facebook.com\/elisabeth.fouche\" \/>\n<meta property=\"article:modified_time\" content=\"2025-01-29T12:05:56+00:00\" \/>\n<meta name=\"twitter:card\" content=\"summary\" \/>\n<meta name=\"twitter:label1\" content=\"Dur\u00e9e de lecture estim\u00e9e\" \/>\n\t<meta name=\"twitter:data1\" content=\"5 minutes\" \/>\n<script type=\"application\/ld+json\" class=\"yoast-schema-graph\">{\"@context\":\"https:\/\/schema.org\",\"@graph\":[{\"@type\":\"WebSite\",\"@id\":\"https:\/\/elisabethfouche.com\/#website\",\"url\":\"https:\/\/elisabethfouche.com\/\",\"name\":\"Elisabeth Fouch\u00e9\",\"description\":\"\",\"potentialAction\":[{\"@type\":\"SearchAction\",\"target\":{\"@type\":\"EntryPoint\",\"urlTemplate\":\"https:\/\/elisabethfouche.com\/?s={search_term_string}\"},\"query-input\":\"required name=search_term_string\"}],\"inLanguage\":\"fr-FR\"},{\"@type\":[\"WebPage\",\"AboutPage\"],\"@id\":\"https:\/\/elisabethfouche.com\/index.php\/qui-suis-je\/#webpage\",\"url\":\"https:\/\/elisabethfouche.com\/index.php\/qui-suis-je\/\",\"name\":\"Qui suis-je ? - Elisabeth Fouch\u00e9\",\"isPartOf\":{\"@id\":\"https:\/\/elisabethfouche.com\/#website\"},\"datePublished\":\"2023-10-13T13:21:35+00:00\",\"dateModified\":\"2025-01-29T12:05:56+00:00\",\"description\":\"R\u00e9dactrice Web SEO I Strat\u00e9gie de contenu I SOCIAL MEDIA I Journaliste vid\u00e9o I Ing\u00e9nieure p\u00e9dagogique de vid\u00e9o learning interactive\",\"breadcrumb\":{\"@id\":\"https:\/\/elisabethfouche.com\/index.php\/qui-suis-je\/#breadcrumb\"},\"inLanguage\":\"fr-FR\",\"potentialAction\":[{\"@type\":\"ReadAction\",\"target\":[\"https:\/\/elisabethfouche.com\/index.php\/qui-suis-je\/\"]}]},{\"@type\":\"BreadcrumbList\",\"@id\":\"https:\/\/elisabethfouche.com\/index.php\/qui-suis-je\/#breadcrumb\",\"itemListElement\":[{\"@type\":\"ListItem\",\"position\":1,\"name\":\"Accueil\",\"item\":\"https:\/\/elisabethfouche.com\/\"},{\"@type\":\"ListItem\",\"position\":2,\"name\":\"Qui suis-je ?\"}]},{\"@type\":\"Person\",\"@id\":\"https:\/\/elisabethfouche.com\/#\/schema\/person\/c00c226638a42066c00e74906f4a81d6\",\"name\":\"Elisabeth FOUCH\u00c9\",\"image\":{\"@type\":\"ImageObject\",\"@id\":\"https:\/\/elisabethfouche.com\/#personlogo\",\"inLanguage\":\"fr-FR\",\"url\":\"https:\/\/secure.gravatar.com\/avatar\/f1c66f643dcfb0400efbd0c2a639bf62?s=96&d=mm&r=g\",\"contentUrl\":\"https:\/\/secure.gravatar.com\/avatar\/f1c66f643dcfb0400efbd0c2a639bf62?s=96&d=mm&r=g\",\"caption\":\"Elisabeth FOUCH\u00c9\"},\"sameAs\":[\"http:\/\/elisabethfouche.com\"]}]}<\/script>\n<!-- \/ Yoast SEO plugin. -->","yoast_head_json":{"title":"Qui suis-je ? - Elisabeth Fouch\u00e9","description":"R\u00e9dactrice Web SEO I Strat\u00e9gie de contenu I SOCIAL MEDIA I Journaliste vid\u00e9o I Ing\u00e9nieure p\u00e9dagogique de vid\u00e9o learning interactive","robots":{"index":"index","follow":"follow","max-snippet":"max-snippet:-1","max-image-preview":"max-image-preview:large","max-video-preview":"max-video-preview:-1"},"canonical":"https:\/\/elisabethfouche.com\/index.php\/qui-suis-je\/","og_locale":"fr_FR","og_type":"article","og_title":"Qui suis-je ? - Elisabeth Fouch\u00e9","og_description":"R\u00e9dactrice Web SEO I Strat\u00e9gie de contenu I SOCIAL MEDIA I Journaliste vid\u00e9o I Ing\u00e9nieure p\u00e9dagogique de vid\u00e9o learning interactive","og_url":"https:\/\/elisabethfouche.com\/index.php\/qui-suis-je\/","og_site_name":"Elisabeth Fouch\u00e9","article_publisher":"https:\/\/www.facebook.com\/elisabeth.fouche","article_modified_time":"2025-01-29T12:05:56+00:00","twitter_card":"summary","twitter_misc":{"Dur\u00e9e de lecture estim\u00e9e":"5 minutes"},"schema":{"@context":"https:\/\/schema.org","@graph":[{"@type":"WebSite","@id":"https:\/\/elisabethfouche.com\/#website","url":"https:\/\/elisabethfouche.com\/","name":"Elisabeth Fouch\u00e9","description":"","potentialAction":[{"@type":"SearchAction","target":{"@type":"EntryPoint","urlTemplate":"https:\/\/elisabethfouche.com\/?s={search_term_string}"},"query-input":"required name=search_term_string"}],"inLanguage":"fr-FR"},{"@type":["WebPage","AboutPage"],"@id":"https:\/\/elisabethfouche.com\/index.php\/qui-suis-je\/#webpage","url":"https:\/\/elisabethfouche.com\/index.php\/qui-suis-je\/","name":"Qui suis-je ? - Elisabeth Fouch\u00e9","isPartOf":{"@id":"https:\/\/elisabethfouche.com\/#website"},"datePublished":"2023-10-13T13:21:35+00:00","dateModified":"2025-01-29T12:05:56+00:00","description":"R\u00e9dactrice Web SEO I Strat\u00e9gie de contenu I SOCIAL MEDIA I Journaliste vid\u00e9o I Ing\u00e9nieure p\u00e9dagogique de vid\u00e9o learning interactive","breadcrumb":{"@id":"https:\/\/elisabethfouche.com\/index.php\/qui-suis-je\/#breadcrumb"},"inLanguage":"fr-FR","potentialAction":[{"@type":"ReadAction","target":["https:\/\/elisabethfouche.com\/index.php\/qui-suis-je\/"]}]},{"@type":"BreadcrumbList","@id":"https:\/\/elisabethfouche.com\/index.php\/qui-suis-je\/#breadcrumb","itemListElement":[{"@type":"ListItem","position":1,"name":"Accueil","item":"https:\/\/elisabethfouche.com\/"},{"@type":"ListItem","position":2,"name":"Qui suis-je ?"}]},{"@type":"Person","@id":"https:\/\/elisabethfouche.com\/#\/schema\/person\/c00c226638a42066c00e74906f4a81d6","name":"Elisabeth FOUCH\u00c9","image":{"@type":"ImageObject","@id":"https:\/\/elisabethfouche.com\/#personlogo","inLanguage":"fr-FR","url":"https:\/\/secure.gravatar.com\/avatar\/f1c66f643dcfb0400efbd0c2a639bf62?s=96&d=mm&r=g","contentUrl":"https:\/\/secure.gravatar.com\/avatar\/f1c66f643dcfb0400efbd0c2a639bf62?s=96&d=mm&r=g","caption":"Elisabeth FOUCH\u00c9"},"sameAs":["http:\/\/elisabethfouche.com"]}]}},"_links":{"self":[{"href":"https:\/\/elisabethfouche.com\/index.php\/wp-json\/wp\/v2\/pages\/1337"}],"collection":[{"href":"https:\/\/elisabethfouche.com\/index.php\/wp-json\/wp\/v2\/pages"}],"about":[{"href":"https:\/\/elisabethfouche.com\/index.php\/wp-json\/wp\/v2\/types\/page"}],"author":[{"embeddable":true,"href":"https:\/\/elisabethfouche.com\/index.php\/wp-json\/wp\/v2\/users\/1"}],"replies":[{"embeddable":true,"href":"https:\/\/elisabethfouche.com\/index.php\/wp-json\/wp\/v2\/comments?post=1337"}],"version-history":[{"count":26,"href":"https:\/\/elisabethfouche.com\/index.php\/wp-json\/wp\/v2\/pages\/1337\/revisions"}],"predecessor-version":[{"id":1581,"href":"https:\/\/elisabethfouche.com\/index.php\/wp-json\/wp\/v2\/pages\/1337\/revisions\/1581"}],"wp:attachment":[{"href":"https:\/\/elisabethfouche.com\/index.php\/wp-json\/wp\/v2\/media?parent=1337"}],"curies":[{"name":"wp","href":"https:\/\/api.w.org\/{rel}","templated":true}]}}