{"id":135,"date":"2017-02-11T22:24:49","date_gmt":"2017-02-11T21:24:49","guid":{"rendered":"http:\/\/elisabethfouche.com\/?page_id=135"},"modified":"2022-03-18T13:39:38","modified_gmt":"2022-03-18T12:39:38","slug":"journalisme","status":"publish","type":"page","link":"https:\/\/elisabethfouche.com\/index.php\/journalisme\/","title":{"rendered":"Journalisme"},"content":{"rendered":"\n<p class=\"has-normal-font-size\">Enfant, on allait au <em>JOURNAL<\/em> voir mon grand-p\u00e8re un lieu effervescent, une sorte de b\u00eate humaine. J&rsquo;avais alors l&rsquo;\u00e2ge de m&rsquo;\u00e9mouvoir devant les mini-berlingots Nestl\u00e9, ce lait concentr\u00e9 sucr\u00e9 aux ar\u00f4mes de fruits empaquet\u00e9 dans des dosettes color\u00e9es. Nous \u00e9tions au d\u00e9but des eighties et mon grand-p\u00e8re \u00e9tait directeur de Gerpresse et de l&rsquo;Auto-journal, apr\u00e8s une longue carri\u00e8re politique et un engagement de la premi\u00e8re heure dans la r\u00e9sistance du haut de ses 17 ans. <\/p>\n\n\n\n<div class=\"wp-block-cover has-background-dim\" style=\"min-height:300px\"><img loading=\"lazy\" decoding=\"async\" width=\"960\" height=\"720\" class=\"wp-block-cover__image-background wp-image-137\" alt=\"\" src=\"https:\/\/elisabethfouche.com\/wp-content\/uploads\/2017\/02\/Journalisme.jpg\" style=\"object-position:58% 36%\" data-object-fit=\"cover\" data-object-position=\"58% 36%\" srcset=\"https:\/\/elisabethfouche.com\/wp-content\/uploads\/2017\/02\/Journalisme.jpg 960w, https:\/\/elisabethfouche.com\/wp-content\/uploads\/2017\/02\/Journalisme-300x225.jpg 300w, https:\/\/elisabethfouche.com\/wp-content\/uploads\/2017\/02\/Journalisme-768x576.jpg 768w\" sizes=\"(max-width: 960px) 100vw, 960px\" \/><div class=\"wp-block-cover__inner-container is-layout-flow wp-block-cover-is-layout-flow\">\n<p class=\"has-text-align-center has-large-font-size\"><\/p>\n<\/div><\/div>\n\n\n\n<p class=\"has-normal-font-size\"><br>Les locaux du Journal s&rsquo;\u00e9tiraient sur 3 \u00e9tages d&rsquo;un h\u00f4tel particulier du boulevard Barbes. Au rez-de-chauss\u00e9e l&rsquo;accueil vous souriait par l&rsquo;interm\u00e9diaire de jeunes femmes charmantes dans une salle vaste et claire avec un coin destin\u00e9 \u00e0 la vente des magasines. <\/p>\n\n\n\n<p class=\"has-normal-font-size\">Au fond, une cage d&rsquo;ascenseur Art D\u00e9co desservait l&rsquo;escalier \u00e0 gauche. A droite, une porte battante dissimulait dans un lieu plus sombre, les entrailles de la presse : l&rsquo;imprimerie jonch\u00e9e de machines bruyantes manipul\u00e9es par des colosses en tablier aux grosses mains t\u00e2ch\u00e9es.<\/p>\n\n\n\n<p class=\"has-normal-font-size\">Le fameux ascenseur \u00e0 double fermeture par grille coulissante puis lourde porte en fer, desservait les premiers et deuxi\u00e8mes \u00e9tages pour laisser un mince escalier s&rsquo;envoler au troisi\u00e8me, sous les toits. Les bureaux des secr\u00e9taires et du directeur, mon grand-p\u00e8re, Georges Brutelle, \u00e9taient respectivement garnis de bonbons la pie qui chante, d&rsquo;odeur de cuir et d&rsquo;un grand aquarium aux poissons multicolores.&nbsp;<\/p>\n\n\n\n<p class=\"has-normal-font-size\">Enfin, le graal &#8211; nu et laborieux, sans doute comme il se doit d&rsquo;\u00eatre &#8211; achemin\u00e9 par ce mince escalier qui d\u00e9bouchait dans un espace sans porte, ouvert et mansard\u00e9 empli d&rsquo;hommes agit\u00e9s sur des tables align\u00e9es, cigarettes sur m\u00e9gots. Un troisi\u00e8me \u00e9tage aux murs blancs d\u00e9tonnant avec le reste de l&rsquo;immeuble, anim\u00e9 d&rsquo;une atmosph\u00e8re lumineuse, pourtant enfum\u00e9e et rythm\u00e9e par les pauses typex. C&rsquo;\u00e9tait un temps, o\u00f9, du bout des doigts, les journalistes pianotaient des airs de machines \u00e0 \u00e9crire, en revenant \u00e0 la ligne. <\/p>\n\n\n\n<div class=\"wp-block-buttons is-layout-flex wp-block-buttons-is-layout-flex\">\n<div class=\"wp-block-button is-style-outline\"><a class=\"wp-block-button__link\" href=\"https:\/\/elisabethfouche.com\/index.php\/journalisme\/interviews-litteraires-a-la-fnac\/\"><span style=\"color:#f7d8aa\" class=\"has-inline-color\">Interviews litt\u00e9raires FNAC<\/span><\/a><\/div>\n\n\n\n<div class=\"wp-block-button is-style-outline\"><a class=\"wp-block-button__link\" href=\"https:\/\/elisabethfouche.com\/index.php\/journalisme\/reporter-sur-le-rallye-aicha-des-gazelles\/\"><span style=\"color:#f7d8aa\" class=\"has-inline-color\">Chroniqueuse reporter<\/span><\/a><\/div>\n\n\n\n<div class=\"wp-block-button is-style-outline\"><a class=\"wp-block-button__link\" href=\"https:\/\/elisabethfouche.com\/index.php\/2017\/02\/14\/reportages-pour-noos-tv\/\"><span style=\"color:#f7d8aa\" class=\"has-inline-color\">JRI<\/span><\/a><\/div>\n\n\n\n<div class=\"wp-block-button is-style-outline\"><a class=\"wp-block-button__link\" href=\"https:\/\/elisabethfouche.com\/index.php\/podcast-art-culture\/\"><span style=\"color:#f7d8aa\" class=\"has-inline-color\">Podcast<\/span><\/a><\/div>\n<\/div>\n\n\n\n<p><\/p>\n","protected":false},"excerpt":{"rendered":"<p>Enfant, on allait au JOURNAL voir mon grand-p\u00e8re un lieu effervescent, une sorte de b\u00eate humaine. J&rsquo;avais alors l&rsquo;\u00e2ge de m&rsquo;\u00e9mouvoir devant les mini-berlingots Nestl\u00e9, ce lait concentr\u00e9 sucr\u00e9 aux ar\u00f4mes de fruits empaquet\u00e9 dans des dosettes color\u00e9es. Nous \u00e9tions au d\u00e9but des eighties et mon grand-p\u00e8re \u00e9tait directeur de Gerpresse et de l&rsquo;Auto-journal, apr\u00e8s &hellip; <a href=\"https:\/\/elisabethfouche.com\/index.php\/journalisme\/\" class=\"more-link\">Continuer la lecture de <span class=\"screen-reader-text\">Journalisme<\/span><\/a><\/p>\n","protected":false},"author":1,"featured_media":0,"parent":0,"menu_order":0,"comment_status":"closed","ping_status":"closed","template":"","meta":{"footnotes":""},"yoast_head":"<!-- This site is optimized with the Yoast SEO plugin v18.3 - https:\/\/yoast.com\/wordpress\/plugins\/seo\/ -->\n<title>Journalisme print presse audiovisuel \u00e9v\u00e9nementiel interview reportage chronique r\u00e9daction articles<\/title>\n<meta name=\"description\" content=\"Journalisme print presse audiovisuel \u00e9v\u00e9nementiel interview reportage chronique r\u00e9daction articles JRI animatrice t\u00e9l\u00e9vision journal de r\u00e9daction\" \/>\n<meta name=\"robots\" content=\"index, follow, max-snippet:-1, max-image-preview:large, max-video-preview:-1\" \/>\n<link rel=\"canonical\" href=\"https:\/\/elisabethfouche.com\/index.php\/journalisme\/\" \/>\n<meta property=\"og:locale\" content=\"fr_FR\" \/>\n<meta property=\"og:type\" content=\"article\" \/>\n<meta property=\"og:title\" content=\"Journalisme print presse audiovisuel \u00e9v\u00e9nementiel interview reportage chronique r\u00e9daction articles\" \/>\n<meta property=\"og:description\" content=\"Journalisme print presse audiovisuel \u00e9v\u00e9nementiel interview reportage chronique r\u00e9daction articles JRI animatrice t\u00e9l\u00e9vision journal de r\u00e9daction\" \/>\n<meta property=\"og:url\" content=\"https:\/\/elisabethfouche.com\/index.php\/journalisme\/\" \/>\n<meta property=\"og:site_name\" content=\"Elisabeth Fouch\u00e9\" \/>\n<meta property=\"article:publisher\" content=\"https:\/\/www.facebook.com\/elisabeth.fouche\" \/>\n<meta property=\"article:modified_time\" content=\"2022-03-18T12:39:38+00:00\" \/>\n<meta property=\"og:image\" content=\"http:\/\/elisabethfouche.com\/wp-content\/uploads\/2017\/02\/Journalisme.jpg\" \/>\n<meta name=\"twitter:card\" content=\"summary\" \/>\n<meta name=\"twitter:label1\" content=\"Dur\u00e9e de lecture estim\u00e9e\" \/>\n\t<meta name=\"twitter:data1\" content=\"2 minutes\" \/>\n<script type=\"application\/ld+json\" class=\"yoast-schema-graph\">{\"@context\":\"https:\/\/schema.org\",\"@graph\":[{\"@type\":\"WebSite\",\"@id\":\"https:\/\/elisabethfouche.com\/#website\",\"url\":\"https:\/\/elisabethfouche.com\/\",\"name\":\"Elisabeth Fouch\u00e9\",\"description\":\"\",\"potentialAction\":[{\"@type\":\"SearchAction\",\"target\":{\"@type\":\"EntryPoint\",\"urlTemplate\":\"https:\/\/elisabethfouche.com\/?s={search_term_string}\"},\"query-input\":\"required name=search_term_string\"}],\"inLanguage\":\"fr-FR\"},{\"@type\":\"ImageObject\",\"@id\":\"https:\/\/elisabethfouche.com\/index.php\/journalisme\/#primaryimage\",\"inLanguage\":\"fr-FR\",\"url\":\"http:\/\/elisabethfouche.com\/wp-content\/uploads\/2017\/02\/Journalisme.jpg\",\"contentUrl\":\"http:\/\/elisabethfouche.com\/wp-content\/uploads\/2017\/02\/Journalisme.jpg\"},{\"@type\":\"WebPage\",\"@id\":\"https:\/\/elisabethfouche.com\/index.php\/journalisme\/#webpage\",\"url\":\"https:\/\/elisabethfouche.com\/index.php\/journalisme\/\",\"name\":\"Journalisme print presse audiovisuel \u00e9v\u00e9nementiel interview reportage chronique r\u00e9daction articles\",\"isPartOf\":{\"@id\":\"https:\/\/elisabethfouche.com\/#website\"},\"primaryImageOfPage\":{\"@id\":\"https:\/\/elisabethfouche.com\/index.php\/journalisme\/#primaryimage\"},\"datePublished\":\"2017-02-11T21:24:49+00:00\",\"dateModified\":\"2022-03-18T12:39:38+00:00\",\"description\":\"Journalisme print presse audiovisuel \u00e9v\u00e9nementiel interview reportage chronique r\u00e9daction articles JRI animatrice t\u00e9l\u00e9vision journal de r\u00e9daction\",\"breadcrumb\":{\"@id\":\"https:\/\/elisabethfouche.com\/index.php\/journalisme\/#breadcrumb\"},\"inLanguage\":\"fr-FR\",\"potentialAction\":[{\"@type\":\"ReadAction\",\"target\":[\"https:\/\/elisabethfouche.com\/index.php\/journalisme\/\"]}]},{\"@type\":\"BreadcrumbList\",\"@id\":\"https:\/\/elisabethfouche.com\/index.php\/journalisme\/#breadcrumb\",\"itemListElement\":[{\"@type\":\"ListItem\",\"position\":1,\"name\":\"Accueil\",\"item\":\"https:\/\/elisabethfouche.com\/\"},{\"@type\":\"ListItem\",\"position\":2,\"name\":\"Journalisme\"}]}]}<\/script>\n<!-- \/ Yoast SEO plugin. -->","yoast_head_json":{"title":"Journalisme print presse audiovisuel \u00e9v\u00e9nementiel interview reportage chronique r\u00e9daction articles","description":"Journalisme print presse audiovisuel \u00e9v\u00e9nementiel interview reportage chronique r\u00e9daction articles JRI animatrice t\u00e9l\u00e9vision journal de r\u00e9daction","robots":{"index":"index","follow":"follow","max-snippet":"max-snippet:-1","max-image-preview":"max-image-preview:large","max-video-preview":"max-video-preview:-1"},"canonical":"https:\/\/elisabethfouche.com\/index.php\/journalisme\/","og_locale":"fr_FR","og_type":"article","og_title":"Journalisme print presse audiovisuel \u00e9v\u00e9nementiel interview reportage chronique r\u00e9daction articles","og_description":"Journalisme print presse audiovisuel \u00e9v\u00e9nementiel interview reportage chronique r\u00e9daction articles JRI animatrice t\u00e9l\u00e9vision journal de r\u00e9daction","og_url":"https:\/\/elisabethfouche.com\/index.php\/journalisme\/","og_site_name":"Elisabeth Fouch\u00e9","article_publisher":"https:\/\/www.facebook.com\/elisabeth.fouche","article_modified_time":"2022-03-18T12:39:38+00:00","og_image":[{"url":"http:\/\/elisabethfouche.com\/wp-content\/uploads\/2017\/02\/Journalisme.jpg"}],"twitter_card":"summary","twitter_misc":{"Dur\u00e9e de lecture estim\u00e9e":"2 minutes"},"schema":{"@context":"https:\/\/schema.org","@graph":[{"@type":"WebSite","@id":"https:\/\/elisabethfouche.com\/#website","url":"https:\/\/elisabethfouche.com\/","name":"Elisabeth Fouch\u00e9","description":"","potentialAction":[{"@type":"SearchAction","target":{"@type":"EntryPoint","urlTemplate":"https:\/\/elisabethfouche.com\/?s={search_term_string}"},"query-input":"required name=search_term_string"}],"inLanguage":"fr-FR"},{"@type":"ImageObject","@id":"https:\/\/elisabethfouche.com\/index.php\/journalisme\/#primaryimage","inLanguage":"fr-FR","url":"http:\/\/elisabethfouche.com\/wp-content\/uploads\/2017\/02\/Journalisme.jpg","contentUrl":"http:\/\/elisabethfouche.com\/wp-content\/uploads\/2017\/02\/Journalisme.jpg"},{"@type":"WebPage","@id":"https:\/\/elisabethfouche.com\/index.php\/journalisme\/#webpage","url":"https:\/\/elisabethfouche.com\/index.php\/journalisme\/","name":"Journalisme print presse audiovisuel \u00e9v\u00e9nementiel interview reportage chronique r\u00e9daction articles","isPartOf":{"@id":"https:\/\/elisabethfouche.com\/#website"},"primaryImageOfPage":{"@id":"https:\/\/elisabethfouche.com\/index.php\/journalisme\/#primaryimage"},"datePublished":"2017-02-11T21:24:49+00:00","dateModified":"2022-03-18T12:39:38+00:00","description":"Journalisme print presse audiovisuel \u00e9v\u00e9nementiel interview reportage chronique r\u00e9daction articles JRI animatrice t\u00e9l\u00e9vision journal de r\u00e9daction","breadcrumb":{"@id":"https:\/\/elisabethfouche.com\/index.php\/journalisme\/#breadcrumb"},"inLanguage":"fr-FR","potentialAction":[{"@type":"ReadAction","target":["https:\/\/elisabethfouche.com\/index.php\/journalisme\/"]}]},{"@type":"BreadcrumbList","@id":"https:\/\/elisabethfouche.com\/index.php\/journalisme\/#breadcrumb","itemListElement":[{"@type":"ListItem","position":1,"name":"Accueil","item":"https:\/\/elisabethfouche.com\/"},{"@type":"ListItem","position":2,"name":"Journalisme"}]}]}},"_links":{"self":[{"href":"https:\/\/elisabethfouche.com\/index.php\/wp-json\/wp\/v2\/pages\/135"}],"collection":[{"href":"https:\/\/elisabethfouche.com\/index.php\/wp-json\/wp\/v2\/pages"}],"about":[{"href":"https:\/\/elisabethfouche.com\/index.php\/wp-json\/wp\/v2\/types\/page"}],"author":[{"embeddable":true,"href":"https:\/\/elisabethfouche.com\/index.php\/wp-json\/wp\/v2\/users\/1"}],"replies":[{"embeddable":true,"href":"https:\/\/elisabethfouche.com\/index.php\/wp-json\/wp\/v2\/comments?post=135"}],"version-history":[{"count":65,"href":"https:\/\/elisabethfouche.com\/index.php\/wp-json\/wp\/v2\/pages\/135\/revisions"}],"predecessor-version":[{"id":1187,"href":"https:\/\/elisabethfouche.com\/index.php\/wp-json\/wp\/v2\/pages\/135\/revisions\/1187"}],"wp:attachment":[{"href":"https:\/\/elisabethfouche.com\/index.php\/wp-json\/wp\/v2\/media?parent=135"}],"curies":[{"name":"wp","href":"https:\/\/api.w.org\/{rel}","templated":true}]}}