{"id":1406,"date":"2024-10-18T15:10:25","date_gmt":"2024-10-18T13:10:25","guid":{"rendered":"https:\/\/elisabethfouche.com\/?page_id=1406"},"modified":"2024-10-18T15:10:25","modified_gmt":"2024-10-18T13:10:25","slug":"creation-de-contenu","status":"publish","type":"page","link":"https:\/\/elisabethfouche.com\/index.php\/creation-de-contenu\/","title":{"rendered":"Cr\u00e9ation de contenu"},"content":{"rendered":"\n<p><strong>Dossier et communiqu\u00e9 de presse du Prix Fran\u00e7oise Sagan<\/strong><\/p>\n\n\n\n<div data-wp-interactive=\"\" class=\"wp-block-file\"><object data-wp-bind--hidden=\"!selectors.core.file.hasPdfPreview\" hidden class=\"wp-block-file__embed\" data=\"https:\/\/elisabethfouche.com\/wp-content\/uploads\/2024\/10\/DOSSIER-DE-PRESSE-PRIX-FRANCOISE-SAGAN-2023-14e-EDITION-9.pdf\" type=\"application\/pdf\" style=\"width:100%;height:600px\" aria-label=\"Contenu embarqu\u00e9 DOSSIER DE PRESSE PRIX FRAN\u00c7OISE SAGAN 2023 14\u1d49 \u00c9DITION.\"><\/object><a id=\"wp-block-file--media-9d071f36-e328-482d-af0a-01ec29344491\" href=\"https:\/\/elisabethfouche.com\/wp-content\/uploads\/2024\/10\/DOSSIER-DE-PRESSE-PRIX-FRANCOISE-SAGAN-2023-14e-EDITION-9.pdf\">DOSSIER DE PRESSE PRIX FRAN\u00c7OISE SAGAN 2023 14\u1d49 \u00c9DITION<\/a><a href=\"https:\/\/elisabethfouche.com\/wp-content\/uploads\/2024\/10\/DOSSIER-DE-PRESSE-PRIX-FRANCOISE-SAGAN-2023-14e-EDITION-9.pdf\" class=\"wp-block-file__button wp-element-button\" download aria-describedby=\"wp-block-file--media-9d071f36-e328-482d-af0a-01ec29344491\">T\u00e9l\u00e9charger<\/a><\/div>\n\n\n\n<div data-wp-interactive=\"\" class=\"wp-block-file\"><object data-wp-bind--hidden=\"!selectors.core.file.hasPdfPreview\" hidden class=\"wp-block-file__embed\" data=\"https:\/\/elisabethfouche.com\/wp-content\/uploads\/2024\/10\/COMMUNIQUE-DE-PRESSE-PRIX-FRANCOISE-SAGAN-2023-14e-EDITION-V8-FINAL.pdf\" type=\"application\/pdf\" style=\"width:100%;height:600px\" aria-label=\"Contenu embarqu\u00e9 COMMUNIQUE DE PRESSE PRIX FRAN\u00c7OISE SAGAN 2023 14\u1d49 \u00c9DITION.\"><\/object><a id=\"wp-block-file--media-7bdefd10-4b49-4802-8737-eced1b3871c3\" href=\"https:\/\/elisabethfouche.com\/wp-content\/uploads\/2024\/10\/COMMUNIQUE-DE-PRESSE-PRIX-FRANCOISE-SAGAN-2023-14e-EDITION-V8-FINAL.pdf\">COMMUNIQUE DE PRESSE PRIX FRAN\u00c7OISE SAGAN 2023 14\u1d49 \u00c9DITION<\/a><a href=\"https:\/\/elisabethfouche.com\/wp-content\/uploads\/2024\/10\/COMMUNIQUE-DE-PRESSE-PRIX-FRANCOISE-SAGAN-2023-14e-EDITION-V8-FINAL.pdf\" class=\"wp-block-file__button wp-element-button\" download aria-describedby=\"wp-block-file--media-7bdefd10-4b49-4802-8737-eced1b3871c3\">T\u00e9l\u00e9charger<\/a><\/div>\n","protected":false},"excerpt":{"rendered":"<p>Dossier et communiqu\u00e9 de presse du Prix Fran\u00e7oise Sagan<\/p>\n","protected":false},"author":1,"featured_media":0,"parent":0,"menu_order":0,"comment_status":"closed","ping_status":"closed","template":"","meta":{"footnotes":""},"yoast_head":"<!-- This site is optimized with the Yoast SEO plugin v18.3 - https:\/\/yoast.com\/wordpress\/plugins\/seo\/ -->\n<title>Cr\u00e9ation de contenu - Elisabeth Fouch\u00e9<\/title>\n<meta name=\"robots\" content=\"index, follow, max-snippet:-1, max-image-preview:large, max-video-preview:-1\" \/>\n<link rel=\"canonical\" href=\"https:\/\/elisabethfouche.com\/index.php\/creation-de-contenu\/\" \/>\n<meta property=\"og:locale\" content=\"fr_FR\" \/>\n<meta property=\"og:type\" content=\"article\" \/>\n<meta property=\"og:title\" content=\"Cr\u00e9ation de contenu - Elisabeth Fouch\u00e9\" \/>\n<meta property=\"og:description\" content=\"Dossier et communiqu\u00e9 de presse du Prix Fran\u00e7oise Sagan\" \/>\n<meta property=\"og:url\" content=\"https:\/\/elisabethfouche.com\/index.php\/creation-de-contenu\/\" \/>\n<meta property=\"og:site_name\" content=\"Elisabeth Fouch\u00e9\" \/>\n<meta property=\"article:publisher\" content=\"https:\/\/www.facebook.com\/elisabeth.fouche\" \/>\n<meta name=\"twitter:card\" content=\"summary\" \/>\n<script type=\"application\/ld+json\" class=\"yoast-schema-graph\">{\"@context\":\"https:\/\/schema.org\",\"@graph\":[{\"@type\":\"WebSite\",\"@id\":\"https:\/\/elisabethfouche.com\/#website\",\"url\":\"https:\/\/elisabethfouche.com\/\",\"name\":\"Elisabeth Fouch\u00e9\",\"description\":\"\",\"potentialAction\":[{\"@type\":\"SearchAction\",\"target\":{\"@type\":\"EntryPoint\",\"urlTemplate\":\"https:\/\/elisabethfouche.com\/?s={search_term_string}\"},\"query-input\":\"required name=search_term_string\"}],\"inLanguage\":\"fr-FR\"},{\"@type\":\"WebPage\",\"@id\":\"https:\/\/elisabethfouche.com\/index.php\/creation-de-contenu\/#webpage\",\"url\":\"https:\/\/elisabethfouche.com\/index.php\/creation-de-contenu\/\",\"name\":\"Cr\u00e9ation de contenu - Elisabeth Fouch\u00e9\",\"isPartOf\":{\"@id\":\"https:\/\/elisabethfouche.com\/#website\"},\"datePublished\":\"2024-10-18T13:10:25+00:00\",\"dateModified\":\"2024-10-18T13:10:25+00:00\",\"breadcrumb\":{\"@id\":\"https:\/\/elisabethfouche.com\/index.php\/creation-de-contenu\/#breadcrumb\"},\"inLanguage\":\"fr-FR\",\"potentialAction\":[{\"@type\":\"ReadAction\",\"target\":[\"https:\/\/elisabethfouche.com\/index.php\/creation-de-contenu\/\"]}]},{\"@type\":\"BreadcrumbList\",\"@id\":\"https:\/\/elisabethfouche.com\/index.php\/creation-de-contenu\/#breadcrumb\",\"itemListElement\":[{\"@type\":\"ListItem\",\"position\":1,\"name\":\"Accueil\",\"item\":\"https:\/\/elisabethfouche.com\/\"},{\"@type\":\"ListItem\",\"position\":2,\"name\":\"Cr\u00e9ation de contenu\"}]}]}<\/script>\n<!-- \/ Yoast SEO plugin. -->","yoast_head_json":{"title":"Cr\u00e9ation de contenu - Elisabeth Fouch\u00e9","robots":{"index":"index","follow":"follow","max-snippet":"max-snippet:-1","max-image-preview":"max-image-preview:large","max-video-preview":"max-video-preview:-1"},"canonical":"https:\/\/elisabethfouche.com\/index.php\/creation-de-contenu\/","og_locale":"fr_FR","og_type":"article","og_title":"Cr\u00e9ation de contenu - Elisabeth Fouch\u00e9","og_description":"Dossier et communiqu\u00e9 de presse du Prix Fran\u00e7oise Sagan","og_url":"https:\/\/elisabethfouche.com\/index.php\/creation-de-contenu\/","og_site_name":"Elisabeth Fouch\u00e9","article_publisher":"https:\/\/www.facebook.com\/elisabeth.fouche","twitter_card":"summary","schema":{"@context":"https:\/\/schema.org","@graph":[{"@type":"WebSite","@id":"https:\/\/elisabethfouche.com\/#website","url":"https:\/\/elisabethfouche.com\/","name":"Elisabeth Fouch\u00e9","description":"","potentialAction":[{"@type":"SearchAction","target":{"@type":"EntryPoint","urlTemplate":"https:\/\/elisabethfouche.com\/?s={search_term_string}"},"query-input":"required name=search_term_string"}],"inLanguage":"fr-FR"},{"@type":"WebPage","@id":"https:\/\/elisabethfouche.com\/index.php\/creation-de-contenu\/#webpage","url":"https:\/\/elisabethfouche.com\/index.php\/creation-de-contenu\/","name":"Cr\u00e9ation de contenu - Elisabeth Fouch\u00e9","isPartOf":{"@id":"https:\/\/elisabethfouche.com\/#website"},"datePublished":"2024-10-18T13:10:25+00:00","dateModified":"2024-10-18T13:10:25+00:00","breadcrumb":{"@id":"https:\/\/elisabethfouche.com\/index.php\/creation-de-contenu\/#breadcrumb"},"inLanguage":"fr-FR","potentialAction":[{"@type":"ReadAction","target":["https:\/\/elisabethfouche.com\/index.php\/creation-de-contenu\/"]}]},{"@type":"BreadcrumbList","@id":"https:\/\/elisabethfouche.com\/index.php\/creation-de-contenu\/#breadcrumb","itemListElement":[{"@type":"ListItem","position":1,"name":"Accueil","item":"https:\/\/elisabethfouche.com\/"},{"@type":"ListItem","position":2,"name":"Cr\u00e9ation de contenu"}]}]}},"_links":{"self":[{"href":"https:\/\/elisabethfouche.com\/index.php\/wp-json\/wp\/v2\/pages\/1406"}],"collection":[{"href":"https:\/\/elisabethfouche.com\/index.php\/wp-json\/wp\/v2\/pages"}],"about":[{"href":"https:\/\/elisabethfouche.com\/index.php\/wp-json\/wp\/v2\/types\/page"}],"author":[{"embeddable":true,"href":"https:\/\/elisabethfouche.com\/index.php\/wp-json\/wp\/v2\/users\/1"}],"replies":[{"embeddable":true,"href":"https:\/\/elisabethfouche.com\/index.php\/wp-json\/wp\/v2\/comments?post=1406"}],"version-history":[{"count":1,"href":"https:\/\/elisabethfouche.com\/index.php\/wp-json\/wp\/v2\/pages\/1406\/revisions"}],"predecessor-version":[{"id":1408,"href":"https:\/\/elisabethfouche.com\/index.php\/wp-json\/wp\/v2\/pages\/1406\/revisions\/1408"}],"wp:attachment":[{"href":"https:\/\/elisabethfouche.com\/index.php\/wp-json\/wp\/v2\/media?parent=1406"}],"curies":[{"name":"wp","href":"https:\/\/api.w.org\/{rel}","templated":true}]}}