{"id":35,"date":"2017-02-10T20:13:19","date_gmt":"2017-02-10T19:13:19","guid":{"rendered":"http:\/\/elisabethfouche.com\/?page_id=35"},"modified":"2024-11-15T16:46:24","modified_gmt":"2024-11-15T15:46:24","slug":"elisabeth-fouche","status":"publish","type":"page","link":"https:\/\/elisabethfouche.com\/","title":{"rendered":"Contenu web SEO &#038; Vid\u00e9o Learning"},"content":{"rendered":"\n<figure class=\"wp-block-image size-large\"><img loading=\"lazy\" decoding=\"async\" width=\"1024\" height=\"576\" src=\"https:\/\/elisabethfouche.com\/wp-content\/uploads\/2017\/02\/WB0A4357-e1487071184178-1024x576.jpg\" alt=\"Elisabeth Fouch\u00e9, cr\u00e9ation de contenu web et vid\u00e9o learning interactive\" class=\"wp-image-59\" srcset=\"https:\/\/elisabethfouche.com\/wp-content\/uploads\/2017\/02\/WB0A4357-e1487071184178-1024x576.jpg 1024w, https:\/\/elisabethfouche.com\/wp-content\/uploads\/2017\/02\/WB0A4357-e1487071184178-300x169.jpg 300w, https:\/\/elisabethfouche.com\/wp-content\/uploads\/2017\/02\/WB0A4357-e1487071184178-768x432.jpg 768w\" sizes=\"(max-width: 1024px) 100vw, 1024px\" \/><\/figure>\n\n\n<p>\u00a0<\/p>\n<p>Vous cherchez du contenu de qualit\u00e9 pour booster votre chiffre d&rsquo;affaires ?! Un expert en communication multim\u00e9dia qui fasse de votre \u00e9cosyst\u00e8me digital un puissant levier pour votre business ?! Well done ! Polyvalente, j&rsquo;aime varier les supports et manier les \u00e9critures en fonction des secteurs et des cibles.\u00a0<\/p>\n<h2><span class=\"lt-line-clamp__raw-line\" style=\"color: #27d9d9;\">Une strat\u00e9gie \u00e9ditoriale audacieuse pour une com digitale \u00e0 360\u00b0<\/span><\/h2>\n<ul>\n<li>\ud83c\udfafAnalyser votre march\u00e9, votre cible, vos objectifs, vos KPI.\u00a0\u00a0<\/li>\n<li>\ud83e\udd39\ud83c\udffb\u200d\u2640\ufe0fCr\u00e9er vos personas et votre ligne \u00e9ditoriale pour mettre en lumi\u00e8re votre offre avec des communications informatives, ludiques, originales, cr\u00e9atives et descriptives.<\/li>\n<li>\ud83d\uddd3\ufe0f \u00c9tablir votre calendrier \u00e9ditorial sur tous les canaux digitaux qu&rsquo;il vous faut !<\/li>\n<\/ul>\n<h2><span style=\"color: #27d9d9;\">Une expertise en Vid\u00e9o Learning interactive pour vos formations digitales<\/span><\/h2>\n<ul>\n<li>\ud83d\udcf9 Adapt\u00e9e aux parcours de formation complexes et denses, la vid\u00e9o learning interactive by\u00a0<span style=\"color: #27d9d9;\"><a style=\"color: #27d9d9;\" href=\"https:\/\/www.kumullus.com\/k-air\/\" target=\"_blank\" rel=\"noopener\">https:\/\/www.kumullus.com\/k-air\/<\/a><\/span> est pl\u00e9biscit\u00e9e par la majorit\u00e9 des grands groupes internationaux.\u00a0<\/li>\n<li>\ud83c\udfc5Form\u00e9e \u00e0 l&rsquo;ing\u00e9nierie p\u00e9dagogique, je d\u00e9finis avec vous vos objectifs de formation en lien avec votre strat\u00e9gie d&rsquo;entreprise.\u00a0<\/li>\n<li><span class=\"lt-line-clamp__raw-line\">\ud83c\udfa8Je transforme vos contenus les plus complexes en des formations vid\u00e9os ludiques et interactives pour un ancrage profond aupr\u00e8s de vos apprenants.\u00a0<\/span><\/li>\n<\/ul>\n<h2><span style=\"color: #27d9d9;\">Une cr\u00e9ation de contenu polyvalente\u00a0<\/span><\/h2>\n<ul>\n<li><span class=\"lt-line-clamp__raw-line\">\ud83c\udfcb\ud83c\udffbProfitez de mon expertise<\/span><span class=\"lt-line-clamp__raw-line\"> en journalisme, cr\u00e9ation de podcasts, r\u00e9alisation audiovisuelle et sc\u00e9narisation, r\u00e9daction Web, SEO et conception p\u00e9dagogique.\u00a0<\/span><\/li>\n<li><span class=\"lt-line-clamp__raw-line\">\ud83e\udd29Je mets mes softs skills \u00e0 votre service : cr\u00e9ativit\u00e9, <\/span><span class=\"lt-line-clamp__raw-line\">curiosit\u00e9, polyvalence et audace.\u00a0<\/span><\/li>\n<\/ul>\n<p style=\"text-align: center;\"><span class=\"lt-line-clamp__raw-line\">On ne maitrise que ce qui nous passionne, je vous embarque ? \u26f5<\/span><\/p>\n\n\n<div class=\"wp-block-columns is-layout-flex wp-container-core-columns-layout-1 wp-block-columns-is-layout-flex\">\n<div class=\"wp-block-column is-layout-flow wp-block-column-is-layout-flow\" style=\"flex-basis:100%\">\n<div class=\"wp-block-buttons is-content-justification-center is-layout-flex wp-container-core-buttons-layout-1 wp-block-buttons-is-layout-flex\">\n<div class=\"wp-block-button is-style-fill\"><a class=\"wp-block-button__link has-text-color has-background has-link-color has-text-align-center wp-element-button\" href=\"https:\/\/elisabethfouche.com\/index.php\/qui-suis-je\/\" style=\"color:#06f6ee;background-color:#fa0526\" target=\"_blank\" rel=\"noreferrer noopener\"><strong>Voir mes prestations<\/strong><\/a><\/div>\n<\/div>\n<\/div>\n<\/div>\n\n\n\n<div class=\"wp-block-group is-layout-flow wp-block-group-is-layout-flow\"><div class=\"wp-block-group__inner-container\">\n<div class=\"wp-block-columns is-layout-flex wp-container-core-columns-layout-2 wp-block-columns-is-layout-flex\">\n<div class=\"wp-block-column is-layout-flow wp-block-column-is-layout-flow\" style=\"flex-basis:100%\"><\/div>\n<\/div>\n<\/div><\/div>\n\n\n\n<p><\/p>\n","protected":false},"excerpt":{"rendered":"<p>\u00a0 Vous cherchez du contenu de qualit\u00e9 pour booster votre chiffre d&rsquo;affaires ?! Un expert en communication multim\u00e9dia qui fasse de votre \u00e9cosyst\u00e8me digital un puissant levier pour votre business ?! Well done ! Polyvalente, j&rsquo;aime varier les supports et manier les \u00e9critures en fonction des secteurs et des cibles.\u00a0 Une strat\u00e9gie \u00e9ditoriale audacieuse pour &hellip; <a href=\"https:\/\/elisabethfouche.com\/\" class=\"more-link\">Continuer la lecture de <span class=\"screen-reader-text\">Contenu web SEO &#038; Vid\u00e9o Learning<\/span><\/a><\/p>\n","protected":false},"author":1,"featured_media":0,"parent":0,"menu_order":0,"comment_status":"closed","ping_status":"closed","template":"","meta":{"footnotes":""},"yoast_head":"<!-- This site is optimized with the Yoast SEO plugin v18.3 - https:\/\/yoast.com\/wordpress\/plugins\/seo\/ -->\n<title>Elisabeth Fouch\u00e9 I Contenu Web SEO &amp; Vid\u00e9o Learning<\/title>\n<meta name=\"description\" content=\"J&#039;optimise la cr\u00e9ation de vos contenus digitaux : audit SEO, r\u00e9dac web, blog, newsletter, interview, vid\u00e9o, podcast, vid\u00e9o learning\" \/>\n<meta name=\"robots\" content=\"index, follow, max-snippet:-1, max-image-preview:large, max-video-preview:-1\" \/>\n<link rel=\"canonical\" href=\"https:\/\/elisabethfouche.com\/\" \/>\n<meta property=\"og:locale\" content=\"fr_FR\" \/>\n<meta property=\"og:type\" content=\"article\" \/>\n<meta property=\"og:title\" content=\"Elisabeth Fouch\u00e9 I Contenu Web SEO &amp; Vid\u00e9o Learning\" \/>\n<meta property=\"og:description\" content=\"J&#039;optimise la cr\u00e9ation de vos contenus digitaux : audit SEO, r\u00e9dac web, blog, newsletter, interview, vid\u00e9o, podcast, vid\u00e9o learning\" \/>\n<meta property=\"og:url\" content=\"https:\/\/elisabethfouche.com\/\" \/>\n<meta property=\"og:site_name\" content=\"Elisabeth Fouch\u00e9\" \/>\n<meta property=\"article:publisher\" content=\"https:\/\/www.facebook.com\/elisabeth.fouche\" \/>\n<meta property=\"article:modified_time\" content=\"2024-11-15T15:46:24+00:00\" \/>\n<meta property=\"og:image\" content=\"https:\/\/elisabethfouche.com\/wp-content\/uploads\/2017\/02\/WB0A4357-e1487071184178-1024x576.jpg\" \/>\n<meta name=\"twitter:card\" content=\"summary\" \/>\n<meta name=\"twitter:label1\" content=\"Dur\u00e9e de lecture estim\u00e9e\" \/>\n\t<meta name=\"twitter:data1\" content=\"1 minute\" \/>\n<script type=\"application\/ld+json\" class=\"yoast-schema-graph\">{\"@context\":\"https:\/\/schema.org\",\"@graph\":[{\"@type\":\"WebSite\",\"@id\":\"https:\/\/elisabethfouche.com\/#website\",\"url\":\"https:\/\/elisabethfouche.com\/\",\"name\":\"Elisabeth Fouch\u00e9\",\"description\":\"\",\"potentialAction\":[{\"@type\":\"SearchAction\",\"target\":{\"@type\":\"EntryPoint\",\"urlTemplate\":\"https:\/\/elisabethfouche.com\/?s={search_term_string}\"},\"query-input\":\"required name=search_term_string\"}],\"inLanguage\":\"fr-FR\"},{\"@type\":\"ImageObject\",\"@id\":\"https:\/\/elisabethfouche.com\/#primaryimage\",\"inLanguage\":\"fr-FR\",\"url\":\"https:\/\/elisabethfouche.com\/wp-content\/uploads\/2017\/02\/WB0A4357-e1487071184178.jpg\",\"contentUrl\":\"https:\/\/elisabethfouche.com\/wp-content\/uploads\/2017\/02\/WB0A4357-e1487071184178.jpg\",\"width\":5760,\"height\":3240,\"caption\":\"Auto-portrait professionnel. Cr\u00e9dit photo : Elisabeth Fouch\u00e9\"},{\"@type\":\"WebPage\",\"@id\":\"https:\/\/elisabethfouche.com\/#webpage\",\"url\":\"https:\/\/elisabethfouche.com\/\",\"name\":\"Elisabeth Fouch\u00e9 I Contenu Web SEO & Vid\u00e9o Learning\",\"isPartOf\":{\"@id\":\"https:\/\/elisabethfouche.com\/#website\"},\"primaryImageOfPage\":{\"@id\":\"https:\/\/elisabethfouche.com\/#primaryimage\"},\"datePublished\":\"2017-02-10T19:13:19+00:00\",\"dateModified\":\"2024-11-15T15:46:24+00:00\",\"description\":\"J'optimise la cr\u00e9ation de vos contenus digitaux : audit SEO, r\u00e9dac web, blog, newsletter, interview, vid\u00e9o, podcast, vid\u00e9o learning\",\"breadcrumb\":{\"@id\":\"https:\/\/elisabethfouche.com\/#breadcrumb\"},\"inLanguage\":\"fr-FR\",\"potentialAction\":[{\"@type\":\"ReadAction\",\"target\":[\"https:\/\/elisabethfouche.com\/\"]}]},{\"@type\":\"BreadcrumbList\",\"@id\":\"https:\/\/elisabethfouche.com\/#breadcrumb\",\"itemListElement\":[{\"@type\":\"ListItem\",\"position\":1,\"name\":\"Accueil\",\"item\":\"https:\/\/elisabethfouche.com\/\"},{\"@type\":\"ListItem\",\"position\":2,\"name\":\"Contenu web SEO &#038; Vid\u00e9o Learning\"}]}]}<\/script>\n<!-- \/ Yoast SEO plugin. -->","yoast_head_json":{"title":"Elisabeth Fouch\u00e9 I Contenu Web SEO & Vid\u00e9o Learning","description":"J'optimise la cr\u00e9ation de vos contenus digitaux : audit SEO, r\u00e9dac web, blog, newsletter, interview, vid\u00e9o, podcast, vid\u00e9o learning","robots":{"index":"index","follow":"follow","max-snippet":"max-snippet:-1","max-image-preview":"max-image-preview:large","max-video-preview":"max-video-preview:-1"},"canonical":"https:\/\/elisabethfouche.com\/","og_locale":"fr_FR","og_type":"article","og_title":"Elisabeth Fouch\u00e9 I Contenu Web SEO & Vid\u00e9o Learning","og_description":"J'optimise la cr\u00e9ation de vos contenus digitaux : audit SEO, r\u00e9dac web, blog, newsletter, interview, vid\u00e9o, podcast, vid\u00e9o learning","og_url":"https:\/\/elisabethfouche.com\/","og_site_name":"Elisabeth Fouch\u00e9","article_publisher":"https:\/\/www.facebook.com\/elisabeth.fouche","article_modified_time":"2024-11-15T15:46:24+00:00","og_image":[{"url":"https:\/\/elisabethfouche.com\/wp-content\/uploads\/2017\/02\/WB0A4357-e1487071184178-1024x576.jpg"}],"twitter_card":"summary","twitter_misc":{"Dur\u00e9e de lecture estim\u00e9e":"1 minute"},"schema":{"@context":"https:\/\/schema.org","@graph":[{"@type":"WebSite","@id":"https:\/\/elisabethfouche.com\/#website","url":"https:\/\/elisabethfouche.com\/","name":"Elisabeth Fouch\u00e9","description":"","potentialAction":[{"@type":"SearchAction","target":{"@type":"EntryPoint","urlTemplate":"https:\/\/elisabethfouche.com\/?s={search_term_string}"},"query-input":"required name=search_term_string"}],"inLanguage":"fr-FR"},{"@type":"ImageObject","@id":"https:\/\/elisabethfouche.com\/#primaryimage","inLanguage":"fr-FR","url":"https:\/\/elisabethfouche.com\/wp-content\/uploads\/2017\/02\/WB0A4357-e1487071184178.jpg","contentUrl":"https:\/\/elisabethfouche.com\/wp-content\/uploads\/2017\/02\/WB0A4357-e1487071184178.jpg","width":5760,"height":3240,"caption":"Auto-portrait professionnel. Cr\u00e9dit photo : Elisabeth Fouch\u00e9"},{"@type":"WebPage","@id":"https:\/\/elisabethfouche.com\/#webpage","url":"https:\/\/elisabethfouche.com\/","name":"Elisabeth Fouch\u00e9 I Contenu Web SEO & Vid\u00e9o Learning","isPartOf":{"@id":"https:\/\/elisabethfouche.com\/#website"},"primaryImageOfPage":{"@id":"https:\/\/elisabethfouche.com\/#primaryimage"},"datePublished":"2017-02-10T19:13:19+00:00","dateModified":"2024-11-15T15:46:24+00:00","description":"J'optimise la cr\u00e9ation de vos contenus digitaux : audit SEO, r\u00e9dac web, blog, newsletter, interview, vid\u00e9o, podcast, vid\u00e9o learning","breadcrumb":{"@id":"https:\/\/elisabethfouche.com\/#breadcrumb"},"inLanguage":"fr-FR","potentialAction":[{"@type":"ReadAction","target":["https:\/\/elisabethfouche.com\/"]}]},{"@type":"BreadcrumbList","@id":"https:\/\/elisabethfouche.com\/#breadcrumb","itemListElement":[{"@type":"ListItem","position":1,"name":"Accueil","item":"https:\/\/elisabethfouche.com\/"},{"@type":"ListItem","position":2,"name":"Contenu web SEO &#038; Vid\u00e9o Learning"}]}]}},"_links":{"self":[{"href":"https:\/\/elisabethfouche.com\/index.php\/wp-json\/wp\/v2\/pages\/35"}],"collection":[{"href":"https:\/\/elisabethfouche.com\/index.php\/wp-json\/wp\/v2\/pages"}],"about":[{"href":"https:\/\/elisabethfouche.com\/index.php\/wp-json\/wp\/v2\/types\/page"}],"author":[{"embeddable":true,"href":"https:\/\/elisabethfouche.com\/index.php\/wp-json\/wp\/v2\/users\/1"}],"replies":[{"embeddable":true,"href":"https:\/\/elisabethfouche.com\/index.php\/wp-json\/wp\/v2\/comments?post=35"}],"version-history":[{"count":61,"href":"https:\/\/elisabethfouche.com\/index.php\/wp-json\/wp\/v2\/pages\/35\/revisions"}],"predecessor-version":[{"id":1560,"href":"https:\/\/elisabethfouche.com\/index.php\/wp-json\/wp\/v2\/pages\/35\/revisions\/1560"}],"wp:attachment":[{"href":"https:\/\/elisabethfouche.com\/index.php\/wp-json\/wp\/v2\/media?parent=35"}],"curies":[{"name":"wp","href":"https:\/\/api.w.org\/{rel}","templated":true}]}}