{"id":398,"date":"2020-11-25T17:11:39","date_gmt":"2020-11-25T16:11:39","guid":{"rendered":"http:\/\/elisabethfouche.com\/?page_id=398"},"modified":"2022-03-18T13:39:38","modified_gmt":"2022-03-18T12:39:38","slug":"scenariste-marketing","status":"publish","type":"page","link":"https:\/\/elisabethfouche.com\/index.php\/audiovisuel\/scenariste-marketing\/","title":{"rendered":"Sc\u00e9nariste de spot marketing"},"content":{"rendered":"\n<figure class=\"wp-block-embed is-type-video is-provider-youtube wp-block-embed-youtube wp-embed-aspect-16-9 wp-has-aspect-ratio\"><div class=\"wp-block-embed__wrapper\">\n<iframe loading=\"lazy\" title=\"Pr\u00e9sentation de My Moojo\" width=\"660\" height=\"371\" src=\"https:\/\/www.youtube.com\/embed\/gM3a3KY-UXs?feature=oembed\" frameborder=\"0\" allow=\"accelerometer; autoplay; clipboard-write; encrypted-media; gyroscope; picture-in-picture\" allowfullscreen><\/iframe>\n<\/div><\/figure>\n\n\n\n<p>Conception du script, suivi des planches graphiques et indication sons d&rsquo;ambiance + ton de la voix off<\/p>\n\n\n\n<p>Et aussi \ud83d\udc47\ud83c\udffb<\/p>\n\n\n\n<div class=\"wp-block-buttons is-layout-flex wp-block-buttons-is-layout-flex\">\n<div class=\"wp-block-button is-style-outline\"><a class=\"wp-block-button__link\" href=\"https:\/\/elisabethfouche.com\/index.php\/2017\/02\/14\/reportages-pour-noos-tv\/\"><span style=\"color:#f7d8aa\" class=\"has-inline-color\">JRI<\/span><\/a><\/div>\n\n\n\n<div class=\"wp-block-button is-style-outline\"><a class=\"wp-block-button__link\" href=\"https:\/\/elisabethfouche.com\/index.php\/audiovisuel\/assistante-realisation-journaliste-intervieweuse\/\"><span style=\"color:#f7d8aa\" class=\"has-inline-color\">Spot institutionnel<\/span><\/a><\/div>\n\n\n\n<div class=\"wp-block-button is-style-outline\"><a class=\"wp-block-button__link\" href=\"https:\/\/elisabethfouche.com\/index.php\/audiovisuel\/extraits-de-courts-metrages-detudes\/\"><span style=\"color:#f7d8aa\" class=\"has-inline-color\">Courts m\u00e9trages<\/span><\/a><\/div>\n<\/div>\n","protected":false},"excerpt":{"rendered":"<p>Conception du script, suivi des planches graphiques et indication sons d&rsquo;ambiance + ton de la voix off Et aussi \ud83d\udc47\ud83c\udffb<\/p>\n","protected":false},"author":1,"featured_media":0,"parent":133,"menu_order":2,"comment_status":"closed","ping_status":"closed","template":"","meta":{"footnotes":""},"yoast_head":"<!-- This site is optimized with the Yoast SEO plugin v18.3 - https:\/\/yoast.com\/wordpress\/plugins\/seo\/ -->\n<title>Sc\u00e9nariste de spot vid\u00e9o marketing en motion design pour une agence de digital learning<\/title>\n<meta name=\"description\" content=\"sc\u00e9nariste de spot vid\u00e9o marketing en motion design pour une agence de digital learning storytelling copywriting publicit\u00e9 concepteur r\u00e9dacteur branding\" \/>\n<meta name=\"robots\" content=\"index, follow, max-snippet:-1, max-image-preview:large, max-video-preview:-1\" \/>\n<link rel=\"canonical\" href=\"https:\/\/elisabethfouche.com\/index.php\/audiovisuel\/scenariste-marketing\/\" \/>\n<meta property=\"og:locale\" content=\"fr_FR\" \/>\n<meta property=\"og:type\" content=\"article\" \/>\n<meta property=\"og:title\" content=\"Sc\u00e9nariste de spot vid\u00e9o marketing en motion design pour une agence de digital learning\" \/>\n<meta property=\"og:description\" content=\"sc\u00e9nariste de spot vid\u00e9o marketing en motion design pour une agence de digital learning storytelling copywriting publicit\u00e9 concepteur r\u00e9dacteur branding\" \/>\n<meta property=\"og:url\" content=\"https:\/\/elisabethfouche.com\/index.php\/audiovisuel\/scenariste-marketing\/\" \/>\n<meta property=\"og:site_name\" content=\"Elisabeth Fouch\u00e9\" \/>\n<meta property=\"article:publisher\" content=\"https:\/\/www.facebook.com\/elisabeth.fouche\" \/>\n<meta property=\"article:modified_time\" content=\"2022-03-18T12:39:38+00:00\" \/>\n<meta name=\"twitter:card\" content=\"summary\" \/>\n<script type=\"application\/ld+json\" class=\"yoast-schema-graph\">{\"@context\":\"https:\/\/schema.org\",\"@graph\":[{\"@type\":\"WebSite\",\"@id\":\"https:\/\/elisabethfouche.com\/#website\",\"url\":\"https:\/\/elisabethfouche.com\/\",\"name\":\"Elisabeth Fouch\u00e9\",\"description\":\"\",\"potentialAction\":[{\"@type\":\"SearchAction\",\"target\":{\"@type\":\"EntryPoint\",\"urlTemplate\":\"https:\/\/elisabethfouche.com\/?s={search_term_string}\"},\"query-input\":\"required name=search_term_string\"}],\"inLanguage\":\"fr-FR\"},{\"@type\":\"WebPage\",\"@id\":\"https:\/\/elisabethfouche.com\/index.php\/audiovisuel\/scenariste-marketing\/#webpage\",\"url\":\"https:\/\/elisabethfouche.com\/index.php\/audiovisuel\/scenariste-marketing\/\",\"name\":\"Sc\u00e9nariste de spot vid\u00e9o marketing en motion design pour une agence de digital learning\",\"isPartOf\":{\"@id\":\"https:\/\/elisabethfouche.com\/#website\"},\"datePublished\":\"2020-11-25T16:11:39+00:00\",\"dateModified\":\"2022-03-18T12:39:38+00:00\",\"description\":\"sc\u00e9nariste de spot vid\u00e9o marketing en motion design pour une agence de digital learning storytelling copywriting publicit\u00e9 concepteur r\u00e9dacteur branding\",\"breadcrumb\":{\"@id\":\"https:\/\/elisabethfouche.com\/index.php\/audiovisuel\/scenariste-marketing\/#breadcrumb\"},\"inLanguage\":\"fr-FR\",\"potentialAction\":[{\"@type\":\"ReadAction\",\"target\":[\"https:\/\/elisabethfouche.com\/index.php\/audiovisuel\/scenariste-marketing\/\"]}]},{\"@type\":\"BreadcrumbList\",\"@id\":\"https:\/\/elisabethfouche.com\/index.php\/audiovisuel\/scenariste-marketing\/#breadcrumb\",\"itemListElement\":[{\"@type\":\"ListItem\",\"position\":1,\"name\":\"Accueil\",\"item\":\"https:\/\/elisabethfouche.com\/\"},{\"@type\":\"ListItem\",\"position\":2,\"name\":\"Audiovisuel\",\"item\":\"https:\/\/elisabethfouche.com\/index.php\/audiovisuel\/\"},{\"@type\":\"ListItem\",\"position\":3,\"name\":\"Sc\u00e9nariste de spot marketing\"}]}]}<\/script>\n<!-- \/ Yoast SEO plugin. -->","yoast_head_json":{"title":"Sc\u00e9nariste de spot vid\u00e9o marketing en motion design pour une agence de digital learning","description":"sc\u00e9nariste de spot vid\u00e9o marketing en motion design pour une agence de digital learning storytelling copywriting publicit\u00e9 concepteur r\u00e9dacteur branding","robots":{"index":"index","follow":"follow","max-snippet":"max-snippet:-1","max-image-preview":"max-image-preview:large","max-video-preview":"max-video-preview:-1"},"canonical":"https:\/\/elisabethfouche.com\/index.php\/audiovisuel\/scenariste-marketing\/","og_locale":"fr_FR","og_type":"article","og_title":"Sc\u00e9nariste de spot vid\u00e9o marketing en motion design pour une agence de digital learning","og_description":"sc\u00e9nariste de spot vid\u00e9o marketing en motion design pour une agence de digital learning storytelling copywriting publicit\u00e9 concepteur r\u00e9dacteur branding","og_url":"https:\/\/elisabethfouche.com\/index.php\/audiovisuel\/scenariste-marketing\/","og_site_name":"Elisabeth Fouch\u00e9","article_publisher":"https:\/\/www.facebook.com\/elisabeth.fouche","article_modified_time":"2022-03-18T12:39:38+00:00","twitter_card":"summary","schema":{"@context":"https:\/\/schema.org","@graph":[{"@type":"WebSite","@id":"https:\/\/elisabethfouche.com\/#website","url":"https:\/\/elisabethfouche.com\/","name":"Elisabeth Fouch\u00e9","description":"","potentialAction":[{"@type":"SearchAction","target":{"@type":"EntryPoint","urlTemplate":"https:\/\/elisabethfouche.com\/?s={search_term_string}"},"query-input":"required name=search_term_string"}],"inLanguage":"fr-FR"},{"@type":"WebPage","@id":"https:\/\/elisabethfouche.com\/index.php\/audiovisuel\/scenariste-marketing\/#webpage","url":"https:\/\/elisabethfouche.com\/index.php\/audiovisuel\/scenariste-marketing\/","name":"Sc\u00e9nariste de spot vid\u00e9o marketing en motion design pour une agence de digital learning","isPartOf":{"@id":"https:\/\/elisabethfouche.com\/#website"},"datePublished":"2020-11-25T16:11:39+00:00","dateModified":"2022-03-18T12:39:38+00:00","description":"sc\u00e9nariste de spot vid\u00e9o marketing en motion design pour une agence de digital learning storytelling copywriting publicit\u00e9 concepteur r\u00e9dacteur branding","breadcrumb":{"@id":"https:\/\/elisabethfouche.com\/index.php\/audiovisuel\/scenariste-marketing\/#breadcrumb"},"inLanguage":"fr-FR","potentialAction":[{"@type":"ReadAction","target":["https:\/\/elisabethfouche.com\/index.php\/audiovisuel\/scenariste-marketing\/"]}]},{"@type":"BreadcrumbList","@id":"https:\/\/elisabethfouche.com\/index.php\/audiovisuel\/scenariste-marketing\/#breadcrumb","itemListElement":[{"@type":"ListItem","position":1,"name":"Accueil","item":"https:\/\/elisabethfouche.com\/"},{"@type":"ListItem","position":2,"name":"Audiovisuel","item":"https:\/\/elisabethfouche.com\/index.php\/audiovisuel\/"},{"@type":"ListItem","position":3,"name":"Sc\u00e9nariste de spot marketing"}]}]}},"_links":{"self":[{"href":"https:\/\/elisabethfouche.com\/index.php\/wp-json\/wp\/v2\/pages\/398"}],"collection":[{"href":"https:\/\/elisabethfouche.com\/index.php\/wp-json\/wp\/v2\/pages"}],"about":[{"href":"https:\/\/elisabethfouche.com\/index.php\/wp-json\/wp\/v2\/types\/page"}],"author":[{"embeddable":true,"href":"https:\/\/elisabethfouche.com\/index.php\/wp-json\/wp\/v2\/users\/1"}],"replies":[{"embeddable":true,"href":"https:\/\/elisabethfouche.com\/index.php\/wp-json\/wp\/v2\/comments?post=398"}],"version-history":[{"count":9,"href":"https:\/\/elisabethfouche.com\/index.php\/wp-json\/wp\/v2\/pages\/398\/revisions"}],"predecessor-version":[{"id":1027,"href":"https:\/\/elisabethfouche.com\/index.php\/wp-json\/wp\/v2\/pages\/398\/revisions\/1027"}],"up":[{"embeddable":true,"href":"https:\/\/elisabethfouche.com\/index.php\/wp-json\/wp\/v2\/pages\/133"}],"wp:attachment":[{"href":"https:\/\/elisabethfouche.com\/index.php\/wp-json\/wp\/v2\/media?parent=398"}],"curies":[{"name":"wp","href":"https:\/\/api.w.org\/{rel}","templated":true}]}}