{"id":439,"date":"2020-11-27T12:39:25","date_gmt":"2020-11-27T11:39:25","guid":{"rendered":"http:\/\/elisabethfouche.com\/?page_id=439"},"modified":"2022-03-18T13:39:38","modified_gmt":"2022-03-18T12:39:38","slug":"digital-learning","status":"publish","type":"page","link":"https:\/\/elisabethfouche.com\/index.php\/digital-learning\/","title":{"rendered":"DIGITAL LEARNING"},"content":{"rendered":"\n<figure class=\"wp-block-image size-large\"><img loading=\"lazy\" decoding=\"async\" width=\"1024\" height=\"576\" src=\"https:\/\/elisabethfouche.com\/wp-content\/uploads\/2021\/09\/Demarche-de-conception-digital-LEARNING-7.png\" alt=\"\" class=\"wp-image-982\" srcset=\"https:\/\/elisabethfouche.com\/wp-content\/uploads\/2021\/09\/Demarche-de-conception-digital-LEARNING-7.png 1024w, https:\/\/elisabethfouche.com\/wp-content\/uploads\/2021\/09\/Demarche-de-conception-digital-LEARNING-7-300x169.png 300w, https:\/\/elisabethfouche.com\/wp-content\/uploads\/2021\/09\/Demarche-de-conception-digital-LEARNING-7-768x432.png 768w\" sizes=\"(max-width: 1024px) 100vw, 1024px\" \/><\/figure>\n\n\n\n<p>2014, la sc\u00e9narisation audiovisuelle me fait entrer dans l&rsquo;univers learning par le biais de France TV et Canal Sat. <\/p>\n\n\n\n<p>Petit \u00e0 petit, je m&rsquo;y int\u00e9resse, travaille sur des missions vari\u00e9es : e-learning, MOOC, SPOC, Micro-learning, vid\u00e9o-learning, vid\u00e9o-learning interactive, motion design, 2D&#8230; <\/p>\n\n\n\n<p>L&rsquo;occasion aussi d&rsquo;\u00e9crire des articles sur le sujet. <\/p>\n\n\n\n<p> Aujourd&rsquo;hui, je me perfectionne en ing\u00e9nierie p\u00e9dagogique, territoire riche et passionnant ! <\/p>\n\n\n\n<div class=\"wp-block-buttons is-layout-flex wp-block-buttons-is-layout-flex\">\n<div class=\"wp-block-button is-style-outline\"><a class=\"wp-block-button__link\" href=\"https:\/\/elisabethfouche.com\/index.php\/conceptrice-redactrice-digital-learning\/\"><span style=\"color:#f7d8aa\" class=\"has-inline-color\">Concepteur p\u00e9dago<\/span><\/a><\/div>\n\n\n\n<div class=\"wp-block-button is-style-outline\"><a class=\"wp-block-button__link\" href=\"https:\/\/elisabethfouche.com\/index.php\/articles-digital-learning\/\"><span style=\"color:#f7d8aa\" class=\"has-inline-color\">Articles Digital learning<\/span><\/a><\/div>\n\n\n\n<div class=\"wp-block-button is-style-outline\"><a class=\"wp-block-button__link\" href=\"https:\/\/elisabethfouche.com\/index.php\/audiovisuel\/scenariste-marketing\/\"><span style=\"color:#f7d8aa\" class=\"has-inline-color\">Spot marketing Digital learning<\/span><\/a><\/div>\n<\/div>\n\n\n\n<p><\/p>\n","protected":false},"excerpt":{"rendered":"<p>2014, la sc\u00e9narisation audiovisuelle me fait entrer dans l&rsquo;univers learning par le biais de France TV et Canal Sat. Petit \u00e0 petit, je m&rsquo;y int\u00e9resse, travaille sur des missions vari\u00e9es : e-learning, MOOC, SPOC, Micro-learning, vid\u00e9o-learning, vid\u00e9o-learning interactive, motion design, 2D&#8230; L&rsquo;occasion aussi d&rsquo;\u00e9crire des articles sur le sujet. Aujourd&rsquo;hui, je me perfectionne en ing\u00e9nierie &hellip; <a href=\"https:\/\/elisabethfouche.com\/index.php\/digital-learning\/\" class=\"more-link\">Continuer la lecture de <span class=\"screen-reader-text\">DIGITAL LEARNING<\/span><\/a><\/p>\n","protected":false},"author":1,"featured_media":0,"parent":0,"menu_order":0,"comment_status":"closed","ping_status":"closed","template":"","meta":{"footnotes":""},"yoast_head":"<!-- This site is optimized with the Yoast SEO plugin v18.3 - https:\/\/yoast.com\/wordpress\/plugins\/seo\/ -->\n<title>Digital learning parcours de formation distancielle multimodale pour collaborateurs apprenants<\/title>\n<meta name=\"description\" content=\"Digital learning, formation en ligne, MOOC, mobile learning, vid\u00e9o learning, activit\u00e9s p\u00e9dagogiques, ing\u00e9nierie, apprenant, outil digital, classe virtuelle\" \/>\n<meta name=\"robots\" content=\"index, follow, max-snippet:-1, max-image-preview:large, max-video-preview:-1\" \/>\n<link rel=\"canonical\" href=\"https:\/\/elisabethfouche.com\/index.php\/digital-learning\/\" \/>\n<meta property=\"og:locale\" content=\"fr_FR\" \/>\n<meta property=\"og:type\" content=\"article\" \/>\n<meta property=\"og:title\" content=\"Digital learning parcours de formation distancielle multimodale pour collaborateurs apprenants\" \/>\n<meta property=\"og:description\" content=\"Digital learning, formation en ligne, MOOC, mobile learning, vid\u00e9o learning, activit\u00e9s p\u00e9dagogiques, ing\u00e9nierie, apprenant, outil digital, classe virtuelle\" \/>\n<meta property=\"og:url\" content=\"https:\/\/elisabethfouche.com\/index.php\/digital-learning\/\" \/>\n<meta property=\"og:site_name\" content=\"Elisabeth Fouch\u00e9\" \/>\n<meta property=\"article:publisher\" content=\"https:\/\/www.facebook.com\/elisabeth.fouche\" \/>\n<meta property=\"article:modified_time\" content=\"2022-03-18T12:39:38+00:00\" \/>\n<meta property=\"og:image\" content=\"http:\/\/elisabethfouche.com\/wp-content\/uploads\/2021\/09\/Demarche-de-conception-digital-LEARNING-7.png\" \/>\n<meta name=\"twitter:card\" content=\"summary\" \/>\n<script type=\"application\/ld+json\" class=\"yoast-schema-graph\">{\"@context\":\"https:\/\/schema.org\",\"@graph\":[{\"@type\":\"WebSite\",\"@id\":\"https:\/\/elisabethfouche.com\/#website\",\"url\":\"https:\/\/elisabethfouche.com\/\",\"name\":\"Elisabeth Fouch\u00e9\",\"description\":\"\",\"potentialAction\":[{\"@type\":\"SearchAction\",\"target\":{\"@type\":\"EntryPoint\",\"urlTemplate\":\"https:\/\/elisabethfouche.com\/?s={search_term_string}\"},\"query-input\":\"required name=search_term_string\"}],\"inLanguage\":\"fr-FR\"},{\"@type\":\"ImageObject\",\"@id\":\"https:\/\/elisabethfouche.com\/index.php\/digital-learning\/#primaryimage\",\"inLanguage\":\"fr-FR\",\"url\":\"http:\/\/elisabethfouche.com\/wp-content\/uploads\/2021\/09\/Demarche-de-conception-digital-LEARNING-7.png\",\"contentUrl\":\"http:\/\/elisabethfouche.com\/wp-content\/uploads\/2021\/09\/Demarche-de-conception-digital-LEARNING-7.png\"},{\"@type\":\"WebPage\",\"@id\":\"https:\/\/elisabethfouche.com\/index.php\/digital-learning\/#webpage\",\"url\":\"https:\/\/elisabethfouche.com\/index.php\/digital-learning\/\",\"name\":\"Digital learning parcours de formation distancielle multimodale pour collaborateurs apprenants\",\"isPartOf\":{\"@id\":\"https:\/\/elisabethfouche.com\/#website\"},\"primaryImageOfPage\":{\"@id\":\"https:\/\/elisabethfouche.com\/index.php\/digital-learning\/#primaryimage\"},\"datePublished\":\"2020-11-27T11:39:25+00:00\",\"dateModified\":\"2022-03-18T12:39:38+00:00\",\"description\":\"Digital learning, formation en ligne, MOOC, mobile learning, vid\u00e9o learning, activit\u00e9s p\u00e9dagogiques, ing\u00e9nierie, apprenant, outil digital, classe virtuelle\",\"breadcrumb\":{\"@id\":\"https:\/\/elisabethfouche.com\/index.php\/digital-learning\/#breadcrumb\"},\"inLanguage\":\"fr-FR\",\"potentialAction\":[{\"@type\":\"ReadAction\",\"target\":[\"https:\/\/elisabethfouche.com\/index.php\/digital-learning\/\"]}]},{\"@type\":\"BreadcrumbList\",\"@id\":\"https:\/\/elisabethfouche.com\/index.php\/digital-learning\/#breadcrumb\",\"itemListElement\":[{\"@type\":\"ListItem\",\"position\":1,\"name\":\"Accueil\",\"item\":\"https:\/\/elisabethfouche.com\/\"},{\"@type\":\"ListItem\",\"position\":2,\"name\":\"DIGITAL LEARNING\"}]}]}<\/script>\n<!-- \/ Yoast SEO plugin. -->","yoast_head_json":{"title":"Digital learning parcours de formation distancielle multimodale pour collaborateurs apprenants","description":"Digital learning, formation en ligne, MOOC, mobile learning, vid\u00e9o learning, activit\u00e9s p\u00e9dagogiques, ing\u00e9nierie, apprenant, outil digital, classe virtuelle","robots":{"index":"index","follow":"follow","max-snippet":"max-snippet:-1","max-image-preview":"max-image-preview:large","max-video-preview":"max-video-preview:-1"},"canonical":"https:\/\/elisabethfouche.com\/index.php\/digital-learning\/","og_locale":"fr_FR","og_type":"article","og_title":"Digital learning parcours de formation distancielle multimodale pour collaborateurs apprenants","og_description":"Digital learning, formation en ligne, MOOC, mobile learning, vid\u00e9o learning, activit\u00e9s p\u00e9dagogiques, ing\u00e9nierie, apprenant, outil digital, classe virtuelle","og_url":"https:\/\/elisabethfouche.com\/index.php\/digital-learning\/","og_site_name":"Elisabeth Fouch\u00e9","article_publisher":"https:\/\/www.facebook.com\/elisabeth.fouche","article_modified_time":"2022-03-18T12:39:38+00:00","og_image":[{"url":"http:\/\/elisabethfouche.com\/wp-content\/uploads\/2021\/09\/Demarche-de-conception-digital-LEARNING-7.png"}],"twitter_card":"summary","schema":{"@context":"https:\/\/schema.org","@graph":[{"@type":"WebSite","@id":"https:\/\/elisabethfouche.com\/#website","url":"https:\/\/elisabethfouche.com\/","name":"Elisabeth Fouch\u00e9","description":"","potentialAction":[{"@type":"SearchAction","target":{"@type":"EntryPoint","urlTemplate":"https:\/\/elisabethfouche.com\/?s={search_term_string}"},"query-input":"required name=search_term_string"}],"inLanguage":"fr-FR"},{"@type":"ImageObject","@id":"https:\/\/elisabethfouche.com\/index.php\/digital-learning\/#primaryimage","inLanguage":"fr-FR","url":"http:\/\/elisabethfouche.com\/wp-content\/uploads\/2021\/09\/Demarche-de-conception-digital-LEARNING-7.png","contentUrl":"http:\/\/elisabethfouche.com\/wp-content\/uploads\/2021\/09\/Demarche-de-conception-digital-LEARNING-7.png"},{"@type":"WebPage","@id":"https:\/\/elisabethfouche.com\/index.php\/digital-learning\/#webpage","url":"https:\/\/elisabethfouche.com\/index.php\/digital-learning\/","name":"Digital learning parcours de formation distancielle multimodale pour collaborateurs apprenants","isPartOf":{"@id":"https:\/\/elisabethfouche.com\/#website"},"primaryImageOfPage":{"@id":"https:\/\/elisabethfouche.com\/index.php\/digital-learning\/#primaryimage"},"datePublished":"2020-11-27T11:39:25+00:00","dateModified":"2022-03-18T12:39:38+00:00","description":"Digital learning, formation en ligne, MOOC, mobile learning, vid\u00e9o learning, activit\u00e9s p\u00e9dagogiques, ing\u00e9nierie, apprenant, outil digital, classe virtuelle","breadcrumb":{"@id":"https:\/\/elisabethfouche.com\/index.php\/digital-learning\/#breadcrumb"},"inLanguage":"fr-FR","potentialAction":[{"@type":"ReadAction","target":["https:\/\/elisabethfouche.com\/index.php\/digital-learning\/"]}]},{"@type":"BreadcrumbList","@id":"https:\/\/elisabethfouche.com\/index.php\/digital-learning\/#breadcrumb","itemListElement":[{"@type":"ListItem","position":1,"name":"Accueil","item":"https:\/\/elisabethfouche.com\/"},{"@type":"ListItem","position":2,"name":"DIGITAL LEARNING"}]}]}},"_links":{"self":[{"href":"https:\/\/elisabethfouche.com\/index.php\/wp-json\/wp\/v2\/pages\/439"}],"collection":[{"href":"https:\/\/elisabethfouche.com\/index.php\/wp-json\/wp\/v2\/pages"}],"about":[{"href":"https:\/\/elisabethfouche.com\/index.php\/wp-json\/wp\/v2\/types\/page"}],"author":[{"embeddable":true,"href":"https:\/\/elisabethfouche.com\/index.php\/wp-json\/wp\/v2\/users\/1"}],"replies":[{"embeddable":true,"href":"https:\/\/elisabethfouche.com\/index.php\/wp-json\/wp\/v2\/comments?post=439"}],"version-history":[{"count":16,"href":"https:\/\/elisabethfouche.com\/index.php\/wp-json\/wp\/v2\/pages\/439\/revisions"}],"predecessor-version":[{"id":1166,"href":"https:\/\/elisabethfouche.com\/index.php\/wp-json\/wp\/v2\/pages\/439\/revisions\/1166"}],"wp:attachment":[{"href":"https:\/\/elisabethfouche.com\/index.php\/wp-json\/wp\/v2\/media?parent=439"}],"curies":[{"name":"wp","href":"https:\/\/api.w.org\/{rel}","templated":true}]}}