{"id":671,"date":"2020-12-09T12:25:19","date_gmt":"2020-12-09T11:25:19","guid":{"rendered":"http:\/\/elisabethfouche.com\/?page_id=671"},"modified":"2024-11-14T16:29:23","modified_gmt":"2024-11-14T15:29:23","slug":"communication-redactionnelle","status":"publish","type":"page","link":"https:\/\/elisabethfouche.com\/index.php\/communication-redactionnelle\/","title":{"rendered":"Communication externe"},"content":{"rendered":"\n<ul>\n<li><strong>Publi-r\u00e9dactionnel <\/strong><\/li>\n<\/ul>\n\n\n<div class=\" content_cards_card content_cards_domain_elisabethfouche-com\">\n\t\t\t<div class=\"content_cards_image\">\n\t\t\t\t<a class=\"content_cards_image_link\" href=\"https:\/\/elisabethfouche.com\/index.php\/2020\/12\/07\/la-video-interactive-le-media-de-demain\/\">\n\t\t\t\t\t<img decoding=\"async\" src=\"http:\/\/elisabethfouche.com\/wp-content\/uploads\/2021\/10\/video-interactive-1024x683.jpg\" alt=\"La vid\u00e9o interactive, le m\u00e9dia de demain ? - Elisabeth Fouch\u00e9\">\t\t\t\t<\/a>\n\t\t<\/div>\n\t\n\t<div class=\"content_cards_title\">\n\t\t<a class=\"content_cards_title_link\" href=\"https:\/\/elisabethfouche.com\/index.php\/2020\/12\/07\/la-video-interactive-le-media-de-demain\/\">\n\t\t\tLa vid\u00e9o interactive, le m\u00e9dia de demain ? - Elisabeth Fouch\u00e9\t\t<\/a>\n\t<\/div>\n\t<div class=\"content_cards_description\">\n\t\t<a class=\"content_cards_description_link\" href=\"https:\/\/elisabethfouche.com\/index.php\/2020\/12\/07\/la-video-interactive-le-media-de-demain\/\">\n\t\t\t<p>Ce format hybride permet une exploration active et immersive des r\u00e9cits, offrant ainsi une navigation personnalis\u00e9e et engageante. D\u00e9couvrons ensemble en quoi la vid\u00e9o interactive pourrait bien \u00eatre le m\u00e9dia de demain !<\/p>\n\t\t<\/a>\n\t<\/div>\n\t<div class=\"content_cards_site_name\">\n\t\t\t\tElisabeth Fouch\u00e9\t<\/div>\n<\/div>\n\n\n\n<ul>\n<li><strong>Manifeste d&rsquo;entreprise<\/strong><\/li>\n<\/ul>\n\n\n<div class=\" content_cards_card content_cards_domain_elisabethfouche-com\">\n\t\t\t<div class=\"content_cards_image\">\n\t\t\t\t<a class=\"content_cards_image_link\" href=\"https:\/\/elisabethfouche.com\/index.php\/2020\/12\/07\/le-manifesto-de-my-moojo\/\">\n\t\t\t\t\t<img decoding=\"async\" src=\"http:\/\/elisabethfouche.com\/wp-content\/uploads\/2021\/09\/Manifeste-1.png\" alt=\"LE MANIFESTO DE MM - Elisabeth Fouch\u00e9\">\t\t\t\t<\/a>\n\t\t<\/div>\n\t\n\t<div class=\"content_cards_title\">\n\t\t<a class=\"content_cards_title_link\" href=\"https:\/\/elisabethfouche.com\/index.php\/2020\/12\/07\/le-manifesto-de-my-moojo\/\">\n\t\t\tLE MANIFESTO DE MM - Elisabeth Fouch\u00e9\t\t<\/a>\n\t<\/div>\n\t<div class=\"content_cards_description\">\n\t\t<a class=\"content_cards_description_link\" href=\"https:\/\/elisabethfouche.com\/index.php\/2020\/12\/07\/le-manifesto-de-my-moojo\/\">\n\t\t\t<p>R\u00e9inventons les modes de cr\u00e9ation et de construction des formations digital learning ! C\u2019est l\u2019histoire d\u2019un frottement. Si\u00a0! Si\u00a0! \u00c7a crisse, \u00e7a \u00e9tincelle\u2026 D\u2019un c\u00f4t\u00e9, notre exaltation \u00e0 \u0153uvrer dans un secteur innovant et qui a du sens\u00a0: la formation digitale. De l\u2019autre, les freins d\u00e9cel\u00e9s, au fil de nos exp\u00e9riences, au sein des organisations,\u2026<\/p>\n\t\t<\/a>\n\t<\/div>\n\t<div class=\"content_cards_site_name\">\n\t\t\t\tElisabeth Fouch\u00e9\t<\/div>\n<\/div>\n\n\n\n<ul>\n<li><strong>Dossier de presse<\/strong><\/li>\n<\/ul>\n\n\n\n<div class=\"wp-block-file\"><a id=\"wp-block-file--media-1dbdefaa-c645-4f15-aafc-7e3cdead549e\" href=\"https:\/\/elisabethfouche.com\/wp-content\/uploads\/2020\/12\/Dossier-de-Presse.pdf\" target=\"_blank\" rel=\"noreferrer noopener\"><br>Festival \u00ab\u00a0JAZZ KIF\u00a0\u00bb 2015 \u00e0 KINSHASA, Congo<\/a><a href=\"https:\/\/elisabethfouche.com\/wp-content\/uploads\/2020\/12\/Dossier-de-Presse.pdf\" class=\"wp-block-file__button wp-element-button\" download aria-describedby=\"wp-block-file--media-1dbdefaa-c645-4f15-aafc-7e3cdead549e\">\ud83c\udfb7<\/a><\/div>\n\n\n\n<p><\/p>\n\n\n\n<p>Et aussi \ud83d\udc47\ud83c\udffb<\/p>\n\n\n\n<div class=\"wp-block-buttons is-layout-flex wp-block-buttons-is-layout-flex\">\n<div class=\"wp-block-button is-style-outline\"><a class=\"wp-block-button__link wp-element-button\" href=\"https:\/\/elisabethfouche.com\/index.php\/audiovisuel\/scenariste-marketing\/\" target=\"_blank\" rel=\"noreferrer noopener\"><span style=\"background-color:rgba(0, 0, 0, 0);color:#f7d8aa\" class=\"has-inline-color\">Spot marketing<\/span><\/a><\/div>\n\n\n\n<div class=\"wp-block-button is-style-outline\"><a class=\"wp-block-button__link wp-element-button\" href=\"https:\/\/elisabethfouche.com\/index.php\/podcast-dentreprise\/\" target=\"_blank\" rel=\"noreferrer noopener\"><span style=\"background-color:rgba(0, 0, 0, 0);color:#f7d8aa\" class=\"has-inline-color\">Podcast<\/span><\/a><\/div>\n\n\n\n<div class=\"wp-block-button is-style-outline\"><a class=\"wp-block-button__link wp-element-button\" href=\"https:\/\/elisabethfouche.com\/index.php\/2020\/12\/09\/city-one\/\" target=\"_blank\" rel=\"noreferrer noopener\"><span style=\"background-color:rgba(0, 0, 0, 0);color:#f7d8aa\" class=\"has-inline-color\">Communication interne<\/span><\/a><\/div>\n\n\n\n<div class=\"wp-block-button is-style-outline\"><a class=\"wp-block-button__link wp-element-button\" href=\"https:\/\/elisabethfouche.com\/index.php\/audiovisuel\/\" target=\"_blank\" rel=\"noreferrer noopener\"><span style=\"background-color:rgba(0, 0, 0, 0);color:#f7d8aa\" class=\"has-inline-color\">Communication audiovisuelle<\/span><\/a><\/div>\n<\/div>\n\n\n\n<p><\/p>\n","protected":false},"excerpt":{"rendered":"<p>Et aussi \ud83d\udc47\ud83c\udffb<\/p>\n","protected":false},"author":1,"featured_media":0,"parent":0,"menu_order":0,"comment_status":"closed","ping_status":"closed","template":"","meta":{"footnotes":""},"yoast_head":"<!-- This site is optimized with the Yoast SEO plugin v18.3 - https:\/\/yoast.com\/wordpress\/plugins\/seo\/ -->\n<title>Des actions de communication externe d&#039;entreprise<\/title>\n<meta name=\"description\" content=\"Communication externe d&#039;entreprise Manifeste, publir\u00e9dactionnel, copywritting, landing page marketing digital, social media, dossier de presse, wording, CTA\" \/>\n<meta name=\"robots\" content=\"index, follow, max-snippet:-1, max-image-preview:large, max-video-preview:-1\" \/>\n<link rel=\"canonical\" href=\"https:\/\/elisabethfouche.com\/index.php\/communication-redactionnelle\/\" \/>\n<meta property=\"og:locale\" content=\"fr_FR\" \/>\n<meta property=\"og:type\" content=\"article\" \/>\n<meta property=\"og:title\" content=\"Des actions de communication externe d&#039;entreprise\" \/>\n<meta property=\"og:description\" content=\"Communication externe d&#039;entreprise Manifeste, publir\u00e9dactionnel, copywritting, landing page marketing digital, social media, dossier de presse, wording, CTA\" \/>\n<meta property=\"og:url\" content=\"https:\/\/elisabethfouche.com\/index.php\/communication-redactionnelle\/\" \/>\n<meta property=\"og:site_name\" content=\"Elisabeth Fouch\u00e9\" \/>\n<meta property=\"article:publisher\" content=\"https:\/\/www.facebook.com\/elisabeth.fouche\" \/>\n<meta property=\"article:modified_time\" content=\"2024-11-14T15:29:23+00:00\" \/>\n<meta name=\"twitter:card\" content=\"summary\" \/>\n<script type=\"application\/ld+json\" class=\"yoast-schema-graph\">{\"@context\":\"https:\/\/schema.org\",\"@graph\":[{\"@type\":\"WebSite\",\"@id\":\"https:\/\/elisabethfouche.com\/#website\",\"url\":\"https:\/\/elisabethfouche.com\/\",\"name\":\"Elisabeth Fouch\u00e9\",\"description\":\"\",\"potentialAction\":[{\"@type\":\"SearchAction\",\"target\":{\"@type\":\"EntryPoint\",\"urlTemplate\":\"https:\/\/elisabethfouche.com\/?s={search_term_string}\"},\"query-input\":\"required name=search_term_string\"}],\"inLanguage\":\"fr-FR\"},{\"@type\":\"WebPage\",\"@id\":\"https:\/\/elisabethfouche.com\/index.php\/communication-redactionnelle\/#webpage\",\"url\":\"https:\/\/elisabethfouche.com\/index.php\/communication-redactionnelle\/\",\"name\":\"Des actions de communication externe d'entreprise\",\"isPartOf\":{\"@id\":\"https:\/\/elisabethfouche.com\/#website\"},\"datePublished\":\"2020-12-09T11:25:19+00:00\",\"dateModified\":\"2024-11-14T15:29:23+00:00\",\"description\":\"Communication externe d'entreprise Manifeste, publir\u00e9dactionnel, copywritting, landing page marketing digital, social media, dossier de presse, wording, CTA\",\"breadcrumb\":{\"@id\":\"https:\/\/elisabethfouche.com\/index.php\/communication-redactionnelle\/#breadcrumb\"},\"inLanguage\":\"fr-FR\",\"potentialAction\":[{\"@type\":\"ReadAction\",\"target\":[\"https:\/\/elisabethfouche.com\/index.php\/communication-redactionnelle\/\"]}]},{\"@type\":\"BreadcrumbList\",\"@id\":\"https:\/\/elisabethfouche.com\/index.php\/communication-redactionnelle\/#breadcrumb\",\"itemListElement\":[{\"@type\":\"ListItem\",\"position\":1,\"name\":\"Accueil\",\"item\":\"https:\/\/elisabethfouche.com\/\"},{\"@type\":\"ListItem\",\"position\":2,\"name\":\"Communication externe\"}]}]}<\/script>\n<!-- \/ Yoast SEO plugin. -->","yoast_head_json":{"title":"Des actions de communication externe d'entreprise","description":"Communication externe d'entreprise Manifeste, publir\u00e9dactionnel, copywritting, landing page marketing digital, social media, dossier de presse, wording, CTA","robots":{"index":"index","follow":"follow","max-snippet":"max-snippet:-1","max-image-preview":"max-image-preview:large","max-video-preview":"max-video-preview:-1"},"canonical":"https:\/\/elisabethfouche.com\/index.php\/communication-redactionnelle\/","og_locale":"fr_FR","og_type":"article","og_title":"Des actions de communication externe d'entreprise","og_description":"Communication externe d'entreprise Manifeste, publir\u00e9dactionnel, copywritting, landing page marketing digital, social media, dossier de presse, wording, CTA","og_url":"https:\/\/elisabethfouche.com\/index.php\/communication-redactionnelle\/","og_site_name":"Elisabeth Fouch\u00e9","article_publisher":"https:\/\/www.facebook.com\/elisabeth.fouche","article_modified_time":"2024-11-14T15:29:23+00:00","twitter_card":"summary","schema":{"@context":"https:\/\/schema.org","@graph":[{"@type":"WebSite","@id":"https:\/\/elisabethfouche.com\/#website","url":"https:\/\/elisabethfouche.com\/","name":"Elisabeth Fouch\u00e9","description":"","potentialAction":[{"@type":"SearchAction","target":{"@type":"EntryPoint","urlTemplate":"https:\/\/elisabethfouche.com\/?s={search_term_string}"},"query-input":"required name=search_term_string"}],"inLanguage":"fr-FR"},{"@type":"WebPage","@id":"https:\/\/elisabethfouche.com\/index.php\/communication-redactionnelle\/#webpage","url":"https:\/\/elisabethfouche.com\/index.php\/communication-redactionnelle\/","name":"Des actions de communication externe d'entreprise","isPartOf":{"@id":"https:\/\/elisabethfouche.com\/#website"},"datePublished":"2020-12-09T11:25:19+00:00","dateModified":"2024-11-14T15:29:23+00:00","description":"Communication externe d'entreprise Manifeste, publir\u00e9dactionnel, copywritting, landing page marketing digital, social media, dossier de presse, wording, CTA","breadcrumb":{"@id":"https:\/\/elisabethfouche.com\/index.php\/communication-redactionnelle\/#breadcrumb"},"inLanguage":"fr-FR","potentialAction":[{"@type":"ReadAction","target":["https:\/\/elisabethfouche.com\/index.php\/communication-redactionnelle\/"]}]},{"@type":"BreadcrumbList","@id":"https:\/\/elisabethfouche.com\/index.php\/communication-redactionnelle\/#breadcrumb","itemListElement":[{"@type":"ListItem","position":1,"name":"Accueil","item":"https:\/\/elisabethfouche.com\/"},{"@type":"ListItem","position":2,"name":"Communication externe"}]}]}},"_links":{"self":[{"href":"https:\/\/elisabethfouche.com\/index.php\/wp-json\/wp\/v2\/pages\/671"}],"collection":[{"href":"https:\/\/elisabethfouche.com\/index.php\/wp-json\/wp\/v2\/pages"}],"about":[{"href":"https:\/\/elisabethfouche.com\/index.php\/wp-json\/wp\/v2\/types\/page"}],"author":[{"embeddable":true,"href":"https:\/\/elisabethfouche.com\/index.php\/wp-json\/wp\/v2\/users\/1"}],"replies":[{"embeddable":true,"href":"https:\/\/elisabethfouche.com\/index.php\/wp-json\/wp\/v2\/comments?post=671"}],"version-history":[{"count":58,"href":"https:\/\/elisabethfouche.com\/index.php\/wp-json\/wp\/v2\/pages\/671\/revisions"}],"predecessor-version":[{"id":1523,"href":"https:\/\/elisabethfouche.com\/index.php\/wp-json\/wp\/v2\/pages\/671\/revisions\/1523"}],"wp:attachment":[{"href":"https:\/\/elisabethfouche.com\/index.php\/wp-json\/wp\/v2\/media?parent=671"}],"curies":[{"name":"wp","href":"https:\/\/api.w.org\/{rel}","templated":true}]}}