{"id":721,"date":"2020-12-09T14:24:06","date_gmt":"2020-12-09T13:24:06","guid":{"rendered":"http:\/\/elisabethfouche.com\/?page_id=721"},"modified":"2024-11-15T16:12:12","modified_gmt":"2024-11-15T15:12:12","slug":"actions-de-communication","status":"publish","type":"page","link":"https:\/\/elisabethfouche.com\/index.php\/actions-de-communication\/","title":{"rendered":"Actions de communication"},"content":{"rendered":"\n<figure class=\"wp-block-video\"><video controls src=\"https:\/\/elisabethfouche.com\/wp-content\/uploads\/2023\/04\/signature1584-\u00d7-792-px.mp4\"><\/video><\/figure>\n\n\n\n<p>\ud83d\udc47\ud83c\udffb<\/p>\n\n\n\n<div class=\"wp-block-buttons is-layout-flex wp-block-buttons-is-layout-flex\">\n<div class=\"wp-block-button is-style-outline\"><a class=\"wp-block-button__link wp-element-button\" href=\"https:\/\/elisabethfouche.com\/index.php\/2020\/12\/09\/city-one\/\" target=\"_blank\" rel=\"noreferrer noopener\"><mark style=\"background-color:rgba(0, 0, 0, 0);color:#f7d8aa\" class=\"has-inline-color\">Com<\/mark> <mark style=\"background-color:rgba(0, 0, 0, 0);color:#f7d8aa\" class=\"has-inline-color\">interne<\/mark><\/a><\/div>\n\n\n\n<div class=\"wp-block-button is-style-outline\"><a class=\"wp-block-button__link wp-element-button\" href=\"https:\/\/elisabethfouche.com\/index.php\/communication-redactionnelle\/\" target=\"_blank\" rel=\"noreferrer noopener\"><mark style=\"background-color:rgba(0, 0, 0, 0);color:#f7d8aa\" class=\"has-inline-color\">Com externe<\/mark><\/a><\/div>\n\n\n\n<div class=\"wp-block-button is-style-outline\"><a class=\"wp-block-button__link wp-element-button\" href=\"https:\/\/elisabethfouche.com\/index.php\/podcast-art-culture\/\" target=\"_blank\" rel=\"noreferrer noopener\"><mark style=\"background-color:rgba(0, 0, 0, 0);color:#f7d8aa\" class=\"has-inline-color\">Podcast<\/mark><\/a><\/div>\n\n\n\n<div class=\"wp-block-button is-style-outline\"><a class=\"wp-block-button__link wp-element-button\" href=\"https:\/\/elisabethfouche.com\/index.php\/articles-digital-learning\/\" target=\"_blank\" rel=\"noreferrer noopener\"><mark style=\"background-color:rgba(0, 0, 0, 0);color:#f7d8aa\" class=\"has-inline-color\">Content marketing<\/mark><\/a><\/div>\n\n\n\n<div class=\"wp-block-button is-style-outline\"><a class=\"wp-block-button__link has-text-color has-link-color wp-element-button\" href=\"https:\/\/elisabethfouche.com\/index.php\/audiovisuel\/scenariste-marketing\/\" style=\"border-radius:100px;color:#f7d8aa\" target=\"_blank\" rel=\"noreferrer noopener\">Cr\u00e9ation de contenu<\/a><\/div>\n<\/div>\n\n\n\n<p><\/p>\n","protected":false},"excerpt":{"rendered":"<p>\ud83d\udc47\ud83c\udffb<\/p>\n","protected":false},"author":1,"featured_media":0,"parent":0,"menu_order":0,"comment_status":"closed","ping_status":"closed","template":"","meta":{"footnotes":""},"yoast_head":"<!-- This site is optimized with the Yoast SEO plugin v18.3 - https:\/\/yoast.com\/wordpress\/plugins\/seo\/ -->\n<title>Les diff\u00e9rentes actions de communication des marques et des entreprises<\/title>\n<meta name=\"description\" content=\"Communication multicanale, interne externe, \u00e9v\u00e9nementielle, branding, strat\u00e9gie \u00e9ditoriale print, digitale, social media, content marketing, supports, cible\" \/>\n<meta name=\"robots\" content=\"index, follow, max-snippet:-1, max-image-preview:large, max-video-preview:-1\" \/>\n<link rel=\"canonical\" href=\"https:\/\/elisabethfouche.com\/index.php\/actions-de-communication\/\" \/>\n<meta property=\"og:locale\" content=\"fr_FR\" \/>\n<meta property=\"og:type\" content=\"article\" \/>\n<meta property=\"og:title\" content=\"Les diff\u00e9rentes actions de communication des marques et des entreprises\" \/>\n<meta property=\"og:description\" content=\"Communication multicanale, interne externe, \u00e9v\u00e9nementielle, branding, strat\u00e9gie \u00e9ditoriale print, digitale, social media, content marketing, supports, cible\" \/>\n<meta property=\"og:url\" content=\"https:\/\/elisabethfouche.com\/index.php\/actions-de-communication\/\" \/>\n<meta property=\"og:site_name\" content=\"Elisabeth Fouch\u00e9\" \/>\n<meta property=\"article:publisher\" content=\"https:\/\/www.facebook.com\/elisabeth.fouche\" \/>\n<meta property=\"article:modified_time\" content=\"2024-11-15T15:12:12+00:00\" \/>\n<meta name=\"twitter:card\" content=\"summary\" \/>\n<meta name=\"twitter:label1\" content=\"Dur\u00e9e de lecture estim\u00e9e\" \/>\n\t<meta name=\"twitter:data1\" content=\"1 minute\" \/>\n<script type=\"application\/ld+json\" class=\"yoast-schema-graph\">{\"@context\":\"https:\/\/schema.org\",\"@graph\":[{\"@type\":\"WebSite\",\"@id\":\"https:\/\/elisabethfouche.com\/#website\",\"url\":\"https:\/\/elisabethfouche.com\/\",\"name\":\"Elisabeth Fouch\u00e9\",\"description\":\"\",\"potentialAction\":[{\"@type\":\"SearchAction\",\"target\":{\"@type\":\"EntryPoint\",\"urlTemplate\":\"https:\/\/elisabethfouche.com\/?s={search_term_string}\"},\"query-input\":\"required name=search_term_string\"}],\"inLanguage\":\"fr-FR\"},{\"@type\":\"WebPage\",\"@id\":\"https:\/\/elisabethfouche.com\/index.php\/actions-de-communication\/#webpage\",\"url\":\"https:\/\/elisabethfouche.com\/index.php\/actions-de-communication\/\",\"name\":\"Les diff\u00e9rentes actions de communication des marques et des entreprises\",\"isPartOf\":{\"@id\":\"https:\/\/elisabethfouche.com\/#website\"},\"datePublished\":\"2020-12-09T13:24:06+00:00\",\"dateModified\":\"2024-11-15T15:12:12+00:00\",\"description\":\"Communication multicanale, interne externe, \u00e9v\u00e9nementielle, branding, strat\u00e9gie \u00e9ditoriale print, digitale, social media, content marketing, supports, cible\",\"breadcrumb\":{\"@id\":\"https:\/\/elisabethfouche.com\/index.php\/actions-de-communication\/#breadcrumb\"},\"inLanguage\":\"fr-FR\",\"potentialAction\":[{\"@type\":\"ReadAction\",\"target\":[\"https:\/\/elisabethfouche.com\/index.php\/actions-de-communication\/\"]}]},{\"@type\":\"BreadcrumbList\",\"@id\":\"https:\/\/elisabethfouche.com\/index.php\/actions-de-communication\/#breadcrumb\",\"itemListElement\":[{\"@type\":\"ListItem\",\"position\":1,\"name\":\"Accueil\",\"item\":\"https:\/\/elisabethfouche.com\/\"},{\"@type\":\"ListItem\",\"position\":2,\"name\":\"Actions de communication\"}]}]}<\/script>\n<!-- \/ Yoast SEO plugin. -->","yoast_head_json":{"title":"Les diff\u00e9rentes actions de communication des marques et des entreprises","description":"Communication multicanale, interne externe, \u00e9v\u00e9nementielle, branding, strat\u00e9gie \u00e9ditoriale print, digitale, social media, content marketing, supports, cible","robots":{"index":"index","follow":"follow","max-snippet":"max-snippet:-1","max-image-preview":"max-image-preview:large","max-video-preview":"max-video-preview:-1"},"canonical":"https:\/\/elisabethfouche.com\/index.php\/actions-de-communication\/","og_locale":"fr_FR","og_type":"article","og_title":"Les diff\u00e9rentes actions de communication des marques et des entreprises","og_description":"Communication multicanale, interne externe, \u00e9v\u00e9nementielle, branding, strat\u00e9gie \u00e9ditoriale print, digitale, social media, content marketing, supports, cible","og_url":"https:\/\/elisabethfouche.com\/index.php\/actions-de-communication\/","og_site_name":"Elisabeth Fouch\u00e9","article_publisher":"https:\/\/www.facebook.com\/elisabeth.fouche","article_modified_time":"2024-11-15T15:12:12+00:00","twitter_card":"summary","twitter_misc":{"Dur\u00e9e de lecture estim\u00e9e":"1 minute"},"schema":{"@context":"https:\/\/schema.org","@graph":[{"@type":"WebSite","@id":"https:\/\/elisabethfouche.com\/#website","url":"https:\/\/elisabethfouche.com\/","name":"Elisabeth Fouch\u00e9","description":"","potentialAction":[{"@type":"SearchAction","target":{"@type":"EntryPoint","urlTemplate":"https:\/\/elisabethfouche.com\/?s={search_term_string}"},"query-input":"required name=search_term_string"}],"inLanguage":"fr-FR"},{"@type":"WebPage","@id":"https:\/\/elisabethfouche.com\/index.php\/actions-de-communication\/#webpage","url":"https:\/\/elisabethfouche.com\/index.php\/actions-de-communication\/","name":"Les diff\u00e9rentes actions de communication des marques et des entreprises","isPartOf":{"@id":"https:\/\/elisabethfouche.com\/#website"},"datePublished":"2020-12-09T13:24:06+00:00","dateModified":"2024-11-15T15:12:12+00:00","description":"Communication multicanale, interne externe, \u00e9v\u00e9nementielle, branding, strat\u00e9gie \u00e9ditoriale print, digitale, social media, content marketing, supports, cible","breadcrumb":{"@id":"https:\/\/elisabethfouche.com\/index.php\/actions-de-communication\/#breadcrumb"},"inLanguage":"fr-FR","potentialAction":[{"@type":"ReadAction","target":["https:\/\/elisabethfouche.com\/index.php\/actions-de-communication\/"]}]},{"@type":"BreadcrumbList","@id":"https:\/\/elisabethfouche.com\/index.php\/actions-de-communication\/#breadcrumb","itemListElement":[{"@type":"ListItem","position":1,"name":"Accueil","item":"https:\/\/elisabethfouche.com\/"},{"@type":"ListItem","position":2,"name":"Actions de communication"}]}]}},"_links":{"self":[{"href":"https:\/\/elisabethfouche.com\/index.php\/wp-json\/wp\/v2\/pages\/721"}],"collection":[{"href":"https:\/\/elisabethfouche.com\/index.php\/wp-json\/wp\/v2\/pages"}],"about":[{"href":"https:\/\/elisabethfouche.com\/index.php\/wp-json\/wp\/v2\/types\/page"}],"author":[{"embeddable":true,"href":"https:\/\/elisabethfouche.com\/index.php\/wp-json\/wp\/v2\/users\/1"}],"replies":[{"embeddable":true,"href":"https:\/\/elisabethfouche.com\/index.php\/wp-json\/wp\/v2\/comments?post=721"}],"version-history":[{"count":24,"href":"https:\/\/elisabethfouche.com\/index.php\/wp-json\/wp\/v2\/pages\/721\/revisions"}],"predecessor-version":[{"id":1545,"href":"https:\/\/elisabethfouche.com\/index.php\/wp-json\/wp\/v2\/pages\/721\/revisions\/1545"}],"wp:attachment":[{"href":"https:\/\/elisabethfouche.com\/index.php\/wp-json\/wp\/v2\/media?parent=721"}],"curies":[{"name":"wp","href":"https:\/\/api.w.org\/{rel}","templated":true}]}}